{"id":2236,"date":"2013-11-28T01:35:19","date_gmt":"2013-11-28T01:35:19","guid":{"rendered":"http:\/\/aloetherapy.shop\/tienda\/piante-di-aloe-vera\/"},"modified":"2013-11-28T01:35:19","modified_gmt":"2013-11-28T01:35:19","slug":"piante-di-aloe-vera","status":"publish","type":"product","link":"https:\/\/aloetherapy.shop\/it\/tienda\/piante-di-aloe-vera\/","title":{"rendered":"Piante di aloe vera"},"content":{"rendered":"","protected":false},"excerpt":{"rendered":"<p>Noi di Aloe Therapy vogliamo offrire anche a qualsiasi cliente che voglia iniziare la coltivazione dell&#8217;Aloe Vera, figli delle nostre piante, nati a Fuerteventura.<\/p>\n<p>L&#8217;Aloe Vera \u00e8 una pianta molto resistente al trasporto, che permetter\u00e0 all&#8217;acquirente di trasportare grandi quantit\u00e0. \u00c8 possibile che alcune foglie vadano perse o colpite, ma durante il processo di incollaggio della pianta al nuovo terreno, riprende la sua forma e guarisce eventuali tagli o colpi che potrebbero subire. Inoltre, \u00e8 conveniente lasciarli un periodo in aria prima di essere seminati in modo che si attacchino con pi\u00f9 forza.<\/p>\n","protected":false},"featured_media":2237,"comment_status":"open","ping_status":"closed","template":"","meta":[],"product_cat":[237],"product_tag":[],"_links":{"self":[{"href":"https:\/\/aloetherapy.shop\/it\/wp-json\/wp\/v2\/product\/2236"}],"collection":[{"href":"https:\/\/aloetherapy.shop\/it\/wp-json\/wp\/v2\/product"}],"about":[{"href":"https:\/\/aloetherapy.shop\/it\/wp-json\/wp\/v2\/types\/product"}],"replies":[{"embeddable":true,"href":"https:\/\/aloetherapy.shop\/it\/wp-json\/wp\/v2\/comments?post=2236"}],"wp:featuredmedia":[{"embeddable":true,"href":"https:\/\/aloetherapy.shop\/it\/wp-json\/wp\/v2\/media\/2237"}],"wp:attachment":[{"href":"https:\/\/aloetherapy.shop\/it\/wp-json\/wp\/v2\/media?parent=2236"}],"wp:term":[{"taxonomy":"product_cat","embeddable":true,"href":"https:\/\/aloetherapy.shop\/it\/wp-json\/wp\/v2\/product_cat?post=2236"},{"taxonomy":"product_tag","embeddable":true,"href":"https:\/\/aloetherapy.shop\/it\/wp-json\/wp\/v2\/product_tag?post=2236"}],"curies":[{"name":"wp","href":"https:\/\/api.w.org\/{rel}","templated":true}]}}