{"id":2092,"date":"2020-09-22T18:34:56","date_gmt":"2020-09-22T18:34:56","guid":{"rendered":"http:\/\/aloetherapy.shop\/assistenza-clienti\/condizioni-duso\/"},"modified":"2020-09-22T18:34:56","modified_gmt":"2020-09-22T18:34:56","slug":"condizioni-duso","status":"publish","type":"page","link":"https:\/\/aloetherapy.shop\/it\/assistenza-clienti\/condizioni-duso\/","title":{"rendered":"Condizioni d&#8217;uso"},"content":{"rendered":"<h2>Condizioni d&#8217;uso<\/h2>\n<p>Questo sito Web viene offerto all&#8217;utente, in base all&#8217;accettazione delle condizioni, dei termini e delle comunicazioni in esso contenute. L&#8217;utilizzo di questo sito Web costituisce un accordo implicito a tali termini, condizioni e comunicazioni.<\/p>\n<p>&nbsp;<\/p>\n<p><strong>Limitazione dell&#8217;uso personale e non commerciale<\/strong><\/p>\n<p>Questo sito Web \u00e8 per uso personale e non commerciale. Il contenuto e le informazioni su questo sito Web (inclusi, senza limitazioni, il prezzo e la disponibilit\u00e0 di servizi e prodotti), nonch\u00e9 l&#8217;infrastruttura utilizzata per fornire tali contenuti e informazioni, sono di propriet\u00e0 di Aloe Therapy o dei suoi partner e \/ o fornitori. Pertanto, come condizione per l&#8217;utilizzo di questo sito Web, \u00e8 necessario accettare di non utilizzare questo sito Web o il suo contenuto o le informazioni per scopi commerciali o non personali (diretti o indiretti). Sebbene tu possa creare copie limitate dei tuoi coupon di acquisto (e documenti correlati) per il viaggio, il prodotto o il servizio che hai acquistato tramite questo sito Web, devi accettare di non modificare, copiare, distribuire, trasmettere, visualizzare, ricreare, riprodurre, pubblicare, concedere in licenza o creare lavori derivati \u200b\u200bda, trasferire, vendere o rivendere qualsiasi informazione, software, prodotto o servizio acquisito da questo sito web. Allo stesso modo, per scopi legali o meno, acconsentirai ad astenersi da:<\/p>\n<p>1. Accedere, monitorare o copiare qualsiasi contenuto o informazione su questo sito Web utilizzando qualsiasi robot, ragno, raschietto o qualsiasi altro processo automatizzato o manuale per qualsiasi scopo senza l&#8217;esplicito permesso di Aloe Therapy<\/p>\n<p>2. Violare le restrizioni in qualsiasi settore di questo sito Web fuori dai limiti per robot, spider, scraper o circumnavigare qualsiasi altra misura di sicurezza utilizzata per impedire o limitare l&#8217;accesso a questo sito Web.<\/p>\n<p>3. Intraprendere qualsiasi azione che imponga, o abbia lo scopo di imporre, a giudizio di Aloe Therapy, un onere sproporzionato o irragionevolmente pesante sull&#8217;infrastruttura di Aloe Therapy o sulle infrastrutture dei suoi siti affiliati.<\/p>\n<p>4. Effettuare &#8220;collegamenti diretti&#8221; a qualsiasi parte di questo sito Web (incluso, senza limitazione, il processo di acquisto di qualsiasi prodotto o servizio) per qualsiasi motivo senza l&#8217;esplicito permesso di Aloe Therapy.<\/p>\n","protected":false},"excerpt":{"rendered":"<p>Condizioni d&#8217;uso Questo sito Web viene offerto all&#8217;utente, in base all&#8217;accettazione delle condizioni, dei termini e delle comunicazioni in esso contenute. L&#8217;utilizzo di questo sito Web<span class=\"excerpt-hellip\"> [\u2026]<\/span><\/p>\n","protected":false},"author":4,"featured_media":0,"parent":2087,"menu_order":0,"comment_status":"closed","ping_status":"closed","template":"","meta":{"footnotes":""},"_links":{"self":[{"href":"https:\/\/aloetherapy.shop\/it\/wp-json\/wp\/v2\/pages\/2092"}],"collection":[{"href":"https:\/\/aloetherapy.shop\/it\/wp-json\/wp\/v2\/pages"}],"about":[{"href":"https:\/\/aloetherapy.shop\/it\/wp-json\/wp\/v2\/types\/page"}],"author":[{"embeddable":true,"href":"https:\/\/aloetherapy.shop\/it\/wp-json\/wp\/v2\/users\/4"}],"replies":[{"embeddable":true,"href":"https:\/\/aloetherapy.shop\/it\/wp-json\/wp\/v2\/comments?post=2092"}],"version-history":[{"count":0,"href":"https:\/\/aloetherapy.shop\/it\/wp-json\/wp\/v2\/pages\/2092\/revisions"}],"up":[{"embeddable":true,"href":"https:\/\/aloetherapy.shop\/it\/wp-json\/wp\/v2\/pages\/2087"}],"wp:attachment":[{"href":"https:\/\/aloetherapy.shop\/it\/wp-json\/wp\/v2\/media?parent=2092"}],"curies":[{"name":"wp","href":"https:\/\/api.w.org\/{rel}","templated":true}]}}