{"id":2286,"date":"2020-09-23T18:01:16","date_gmt":"2020-09-23T18:01:16","guid":{"rendered":"http:\/\/aloetherapy.shop\/?post_type=product&#038;p=2286"},"modified":"2020-09-29T09:43:52","modified_gmt":"2020-09-29T09:43:52","slug":"pack-1","status":"publish","type":"product","link":"https:\/\/aloetherapy.shop\/fr\/tienda\/pack-1\/","title":{"rendered":"Pack Aloe Therapy"},"content":{"rendered":"<h4><strong>Pack Aloe Therapy: 65\u20ac (frais de port inclus).<\/strong><\/h4>\n<ul>\n<li>Gel Int\u00e9gral d&rsquo;Aloe Vera 100ml.<\/li>\n<li>Cr\u00e8me pour le visage sensible 50ml.<\/li>\n<li>Cr\u00e8me Visage Hidractiva 50ml.<\/li>\n<li>Cr\u00e8me Mains Sensibles 100ml.<\/li>\n<li>Baume \u00e0 l\u00e8vres \u00e0 l&rsquo;alo\u00e8s.<\/li>\n<li>Savon naturel \u00e0 l&rsquo;aloe vera.<\/li>\n<\/ul>\n","protected":false},"excerpt":{"rendered":"<p><strong>Pack de produits Aloe Therapy<\/strong><em> (frais de port inclus).<\/em><\/p>\n<p>Le pack contient:<\/p>\n<ul>\n<li>Gel Int\u00e9gral d&rsquo;Aloe Vera 100ml.<\/li>\n<li>Cr\u00e8me pour le visage sensible 50ml.<\/li>\n<li>Cr\u00e8me Visage Hidractiva 50ml.<\/li>\n<li>Cr\u00e8me Mains Sensibles 100ml.<\/li>\n<li>Baume \u00e0 l\u00e8vres \u00e0 l&rsquo;alo\u00e8s.<\/li>\n<li>Savon naturel \u00e0 l&rsquo;aloe vera.<\/li>\n<\/ul>\n","protected":false},"featured_media":2295,"comment_status":"open","ping_status":"closed","template":"","meta":[],"product_cat":[245],"product_tag":[],"_links":{"self":[{"href":"https:\/\/aloetherapy.shop\/fr\/wp-json\/wp\/v2\/product\/2286"}],"collection":[{"href":"https:\/\/aloetherapy.shop\/fr\/wp-json\/wp\/v2\/product"}],"about":[{"href":"https:\/\/aloetherapy.shop\/fr\/wp-json\/wp\/v2\/types\/product"}],"replies":[{"embeddable":true,"href":"https:\/\/aloetherapy.shop\/fr\/wp-json\/wp\/v2\/comments?post=2286"}],"wp:featuredmedia":[{"embeddable":true,"href":"https:\/\/aloetherapy.shop\/fr\/wp-json\/wp\/v2\/media\/2295"}],"wp:attachment":[{"href":"https:\/\/aloetherapy.shop\/fr\/wp-json\/wp\/v2\/media?parent=2286"}],"wp:term":[{"taxonomy":"product_cat","embeddable":true,"href":"https:\/\/aloetherapy.shop\/fr\/wp-json\/wp\/v2\/product_cat?post=2286"},{"taxonomy":"product_tag","embeddable":true,"href":"https:\/\/aloetherapy.shop\/fr\/wp-json\/wp\/v2\/product_tag?post=2286"}],"curies":[{"name":"wp","href":"https:\/\/api.w.org\/{rel}","templated":true}]}}