{"id":2189,"date":"2014-06-13T06:00:42","date_gmt":"2014-06-13T06:00:42","guid":{"rendered":"http:\/\/aloetherapy.shop\/tienda\/sensitive-body-milk\/"},"modified":"2020-09-29T10:00:48","modified_gmt":"2020-09-29T10:00:48","slug":"sensitive-body-milk","status":"publish","type":"product","link":"https:\/\/aloetherapy.shop\/fr\/tienda\/sensitive-body-milk\/","title":{"rendered":"Sensitive Body Milk"},"content":{"rendered":"","protected":false},"excerpt":{"rendered":"<p>Le lait corporel \u00e0 l&rsquo;Aloe Vera et \u00e0 l&rsquo;huile d&rsquo;argan nourrit et raffermit la peau, pr\u00e9venant la d\u00e9shydratation de mani\u00e8re naturelle. Sa texture facilement absorb\u00e9e laisse la peau velout\u00e9e et avec un ar\u00f4me agr\u00e9able.<\/p>\n","protected":false},"featured_media":2190,"comment_status":"open","ping_status":"closed","template":"","meta":[],"product_cat":[267,282,181,199],"product_tag":[270],"_links":{"self":[{"href":"https:\/\/aloetherapy.shop\/fr\/wp-json\/wp\/v2\/product\/2189"}],"collection":[{"href":"https:\/\/aloetherapy.shop\/fr\/wp-json\/wp\/v2\/product"}],"about":[{"href":"https:\/\/aloetherapy.shop\/fr\/wp-json\/wp\/v2\/types\/product"}],"replies":[{"embeddable":true,"href":"https:\/\/aloetherapy.shop\/fr\/wp-json\/wp\/v2\/comments?post=2189"}],"wp:featuredmedia":[{"embeddable":true,"href":"https:\/\/aloetherapy.shop\/fr\/wp-json\/wp\/v2\/media\/2190"}],"wp:attachment":[{"href":"https:\/\/aloetherapy.shop\/fr\/wp-json\/wp\/v2\/media?parent=2189"}],"wp:term":[{"taxonomy":"product_cat","embeddable":true,"href":"https:\/\/aloetherapy.shop\/fr\/wp-json\/wp\/v2\/product_cat?post=2189"},{"taxonomy":"product_tag","embeddable":true,"href":"https:\/\/aloetherapy.shop\/fr\/wp-json\/wp\/v2\/product_tag?post=2189"}],"curies":[{"name":"wp","href":"https:\/\/api.w.org\/{rel}","templated":true}]}}