{"id":2185,"date":"2014-06-13T02:00:02","date_gmt":"2014-06-13T02:00:02","guid":{"rendered":"http:\/\/aloetherapy.shop\/tienda\/hidroaloe-creme-visage-et-corps\/"},"modified":"2020-09-29T10:00:24","modified_gmt":"2020-09-29T10:00:24","slug":"hidroaloe-creme-visage-et-corps","status":"publish","type":"product","link":"https:\/\/aloetherapy.shop\/fr\/tienda\/hidroaloe-creme-visage-et-corps\/","title":{"rendered":"Hidroaloe Cr\u00e8me visage et corps"},"content":{"rendered":"","protected":false},"excerpt":{"rendered":"<p>La cr\u00e8me Hidraloe est sp\u00e9cialement con\u00e7ue pour prot\u00e9ger, hydrater et revitaliser tous types de peaux, en particulier celles tr\u00e8s s\u00e8ches, d\u00e9shydrat\u00e9es, vieillies ou soumises \u00e0 des conditions environnementales extr\u00eames. Emulsion \u00e0 l&rsquo;aloe vera et \u00e0 l&rsquo;huile d&rsquo;avocat.<\/p>\n","protected":false},"featured_media":0,"comment_status":"open","ping_status":"closed","template":"","meta":[],"product_cat":[267,278,181,199,179],"product_tag":[270],"_links":{"self":[{"href":"https:\/\/aloetherapy.shop\/fr\/wp-json\/wp\/v2\/product\/2185"}],"collection":[{"href":"https:\/\/aloetherapy.shop\/fr\/wp-json\/wp\/v2\/product"}],"about":[{"href":"https:\/\/aloetherapy.shop\/fr\/wp-json\/wp\/v2\/types\/product"}],"replies":[{"embeddable":true,"href":"https:\/\/aloetherapy.shop\/fr\/wp-json\/wp\/v2\/comments?post=2185"}],"wp:attachment":[{"href":"https:\/\/aloetherapy.shop\/fr\/wp-json\/wp\/v2\/media?parent=2185"}],"wp:term":[{"taxonomy":"product_cat","embeddable":true,"href":"https:\/\/aloetherapy.shop\/fr\/wp-json\/wp\/v2\/product_cat?post=2185"},{"taxonomy":"product_tag","embeddable":true,"href":"https:\/\/aloetherapy.shop\/fr\/wp-json\/wp\/v2\/product_tag?post=2185"}],"curies":[{"name":"wp","href":"https:\/\/api.w.org\/{rel}","templated":true}]}}