{"id":2184,"date":"2014-06-13T04:00:19","date_gmt":"2014-06-13T04:00:19","guid":{"rendered":"http:\/\/aloetherapy.shop\/tienda\/hidractiva-creme-pour-le-visage-100ml\/"},"modified":"2020-09-29T10:00:14","modified_gmt":"2020-09-29T10:00:14","slug":"hidractiva-creme-pour-le-visage-100ml","status":"publish","type":"product","link":"https:\/\/aloetherapy.shop\/fr\/tienda\/hidractiva-creme-pour-le-visage-100ml\/","title":{"rendered":"Hidractiva Cr\u00e8me pour le visage 100ml"},"content":{"rendered":"","protected":false},"excerpt":{"rendered":"<p>La cr\u00e8me HIDRACTIVA pour le visage offre des soins complets de la peau tels que l&rsquo;hydratation et la protection. Il pr\u00e9serve et stimule naturellement les forces d&rsquo;autor\u00e9gulation. P\u00e9n\u00e8tre profond\u00e9ment dans la peau, laissant le teint repos\u00e9 et lumineux.<\/p>\n","protected":false},"featured_media":2109,"comment_status":"open","ping_status":"closed","template":"","meta":[],"product_cat":[267,282,181,179],"product_tag":[270],"_links":{"self":[{"href":"https:\/\/aloetherapy.shop\/fr\/wp-json\/wp\/v2\/product\/2184"}],"collection":[{"href":"https:\/\/aloetherapy.shop\/fr\/wp-json\/wp\/v2\/product"}],"about":[{"href":"https:\/\/aloetherapy.shop\/fr\/wp-json\/wp\/v2\/types\/product"}],"replies":[{"embeddable":true,"href":"https:\/\/aloetherapy.shop\/fr\/wp-json\/wp\/v2\/comments?post=2184"}],"wp:featuredmedia":[{"embeddable":true,"href":"https:\/\/aloetherapy.shop\/fr\/wp-json\/wp\/v2\/media\/2109"}],"wp:attachment":[{"href":"https:\/\/aloetherapy.shop\/fr\/wp-json\/wp\/v2\/media?parent=2184"}],"wp:term":[{"taxonomy":"product_cat","embeddable":true,"href":"https:\/\/aloetherapy.shop\/fr\/wp-json\/wp\/v2\/product_cat?post=2184"},{"taxonomy":"product_tag","embeddable":true,"href":"https:\/\/aloetherapy.shop\/fr\/wp-json\/wp\/v2\/product_tag?post=2184"}],"curies":[{"name":"wp","href":"https:\/\/api.w.org\/{rel}","templated":true}]}}