{"id":2182,"date":"2014-06-13T05:00:33","date_gmt":"2014-06-13T05:00:33","guid":{"rendered":"http:\/\/aloetherapy.shop\/tienda\/sensitive-creme-pour-le-visage-100ml\/"},"modified":"2020-09-29T09:59:34","modified_gmt":"2020-09-29T09:59:34","slug":"sensitive-creme-pour-le-visage-100ml","status":"publish","type":"product","link":"https:\/\/aloetherapy.shop\/fr\/tienda\/sensitive-creme-pour-le-visage-100ml\/","title":{"rendered":"Sensitive Cr\u00e8me pour le visage 100ml"},"content":{"rendered":"","protected":false},"excerpt":{"rendered":"<p>La cr\u00e8me pour le visage r\u00e9g\u00e9n\u00e9rante Sensitive \u00e0 l&rsquo;Aloe Vera et \u00e0 l&rsquo;huile d&rsquo;argan fournit une nutrition optimale \u00e0 la peau, la laissant soyeuse. Aide \u00e0 r\u00e9duire les rides du visage et active la r\u00e9g\u00e9n\u00e9ration, stimulant la production de collag\u00e8ne.<\/p>\n","protected":false},"featured_media":2111,"comment_status":"open","ping_status":"closed","template":"","meta":[],"product_cat":[267,282,181,179],"product_tag":[270],"_links":{"self":[{"href":"https:\/\/aloetherapy.shop\/fr\/wp-json\/wp\/v2\/product\/2182"}],"collection":[{"href":"https:\/\/aloetherapy.shop\/fr\/wp-json\/wp\/v2\/product"}],"about":[{"href":"https:\/\/aloetherapy.shop\/fr\/wp-json\/wp\/v2\/types\/product"}],"replies":[{"embeddable":true,"href":"https:\/\/aloetherapy.shop\/fr\/wp-json\/wp\/v2\/comments?post=2182"}],"wp:featuredmedia":[{"embeddable":true,"href":"https:\/\/aloetherapy.shop\/fr\/wp-json\/wp\/v2\/media\/2111"}],"wp:attachment":[{"href":"https:\/\/aloetherapy.shop\/fr\/wp-json\/wp\/v2\/media?parent=2182"}],"wp:term":[{"taxonomy":"product_cat","embeddable":true,"href":"https:\/\/aloetherapy.shop\/fr\/wp-json\/wp\/v2\/product_cat?post=2182"},{"taxonomy":"product_tag","embeddable":true,"href":"https:\/\/aloetherapy.shop\/fr\/wp-json\/wp\/v2\/product_tag?post=2182"}],"curies":[{"name":"wp","href":"https:\/\/api.w.org\/{rel}","templated":true}]}}