{"id":2177,"date":"2013-11-11T11:36:21","date_gmt":"2013-11-11T11:36:21","guid":{"rendered":"http:\/\/aloetherapy.shop\/tienda\/huile-dargan-50-ml\/"},"modified":"2020-09-29T09:59:08","modified_gmt":"2020-09-29T09:59:08","slug":"huile-dargan-50-ml","status":"publish","type":"product","link":"https:\/\/aloetherapy.shop\/fr\/tienda\/huile-dargan-50-ml\/","title":{"rendered":"Huile d&rsquo;Argan 50 ml"},"content":{"rendered":"","protected":false},"excerpt":{"rendered":"<p>Propri\u00e9t\u00e9s: Parfait pour le soin des ongles, id\u00e9al pour lutter contre le vieillissement et la peau s\u00e8che.<\/p>\n","protected":false},"featured_media":2573,"comment_status":"open","ping_status":"closed","template":"","meta":[],"product_cat":[200],"product_tag":[],"_links":{"self":[{"href":"https:\/\/aloetherapy.shop\/fr\/wp-json\/wp\/v2\/product\/2177"}],"collection":[{"href":"https:\/\/aloetherapy.shop\/fr\/wp-json\/wp\/v2\/product"}],"about":[{"href":"https:\/\/aloetherapy.shop\/fr\/wp-json\/wp\/v2\/types\/product"}],"replies":[{"embeddable":true,"href":"https:\/\/aloetherapy.shop\/fr\/wp-json\/wp\/v2\/comments?post=2177"}],"wp:featuredmedia":[{"embeddable":true,"href":"https:\/\/aloetherapy.shop\/fr\/wp-json\/wp\/v2\/media\/2573"}],"wp:attachment":[{"href":"https:\/\/aloetherapy.shop\/fr\/wp-json\/wp\/v2\/media?parent=2177"}],"wp:term":[{"taxonomy":"product_cat","embeddable":true,"href":"https:\/\/aloetherapy.shop\/fr\/wp-json\/wp\/v2\/product_cat?post=2177"},{"taxonomy":"product_tag","embeddable":true,"href":"https:\/\/aloetherapy.shop\/fr\/wp-json\/wp\/v2\/product_tag?post=2177"}],"curies":[{"name":"wp","href":"https:\/\/api.w.org\/{rel}","templated":true}]}}