{"id":2175,"date":"2013-11-28T00:56:27","date_gmt":"2013-11-28T00:56:27","guid":{"rendered":"http:\/\/aloetherapy.shop\/tienda\/jus-daloes-1000-ml\/"},"modified":"2020-09-29T09:58:25","modified_gmt":"2020-09-29T09:58:25","slug":"jus-daloes-1000-ml","status":"publish","type":"product","link":"https:\/\/aloetherapy.shop\/fr\/tienda\/jus-daloes-1000-ml\/","title":{"rendered":"Jus d&rsquo;alo\u00e8s 1000 ml"},"content":{"rendered":"<p>Jus d&rsquo;aloe vera 100% naturel. Produit absolument naturel, formul\u00e9 avec de l&rsquo;Aloe Vera de qualit\u00e9 exceptionnelle, issu de cultures biologiques des \u00eeles Canaries, avec un proc\u00e9d\u00e9 de fabrication qui garantit les propri\u00e9t\u00e9s de la plante.<\/p>\n","protected":false},"excerpt":{"rendered":"<p>Jus d&rsquo;aloe vera 100% naturel. Produit absolument naturel, formul\u00e9 avec de l&rsquo;Aloe Vera de qualit\u00e9 exceptionnelle, issu de cultures biologiques des \u00eeles Canaries, avec un proc\u00e9d\u00e9 de fabrication qui garantit les propri\u00e9t\u00e9s de la plante.<\/p>\n","protected":false},"featured_media":2176,"comment_status":"open","ping_status":"closed","template":"","meta":[],"product_cat":[267,203],"product_tag":[270],"_links":{"self":[{"href":"https:\/\/aloetherapy.shop\/fr\/wp-json\/wp\/v2\/product\/2175"}],"collection":[{"href":"https:\/\/aloetherapy.shop\/fr\/wp-json\/wp\/v2\/product"}],"about":[{"href":"https:\/\/aloetherapy.shop\/fr\/wp-json\/wp\/v2\/types\/product"}],"replies":[{"embeddable":true,"href":"https:\/\/aloetherapy.shop\/fr\/wp-json\/wp\/v2\/comments?post=2175"}],"wp:featuredmedia":[{"embeddable":true,"href":"https:\/\/aloetherapy.shop\/fr\/wp-json\/wp\/v2\/media\/2176"}],"wp:attachment":[{"href":"https:\/\/aloetherapy.shop\/fr\/wp-json\/wp\/v2\/media?parent=2175"}],"wp:term":[{"taxonomy":"product_cat","embeddable":true,"href":"https:\/\/aloetherapy.shop\/fr\/wp-json\/wp\/v2\/product_cat?post=2175"},{"taxonomy":"product_tag","embeddable":true,"href":"https:\/\/aloetherapy.shop\/fr\/wp-json\/wp\/v2\/product_tag?post=2175"}],"curies":[{"name":"wp","href":"https:\/\/api.w.org\/{rel}","templated":true}]}}