{"id":2170,"date":"2013-11-28T01:05:58","date_gmt":"2013-11-28T01:05:58","guid":{"rendered":"http:\/\/aloetherapy.shop\/tienda\/creme-aloe-drago\/"},"modified":"2013-11-28T01:05:58","modified_gmt":"2013-11-28T01:05:58","slug":"creme-aloe-drago","status":"publish","type":"product","link":"https:\/\/aloetherapy.shop\/fr\/tienda\/creme-aloe-drago\/","title":{"rendered":"Cr\u00e8me Aloe Drago"},"content":{"rendered":"","protected":false},"excerpt":{"rendered":"<p>100ml.<br \/>\nEmulsion sp\u00e9cialement con\u00e7ue pour la nutrition intense des peaux normales, s\u00e8ches et \u00e2g\u00e9es. Ses principes actifs, l&rsquo;Aloe Vera et la s\u00e8ve de Drago Canario conf\u00e8rent \u00e0 cette cr\u00e8me des propri\u00e9t\u00e9s antioxydantes. Son application quotidienne pr\u00e9serve la douceur et la fermet\u00e9 de la peau, retardant notamment les signes de l&rsquo;\u00e2ge.<\/p>\n","protected":false},"featured_media":2171,"comment_status":"open","ping_status":"closed","template":"","meta":[],"product_cat":[181,137,179],"product_tag":[],"_links":{"self":[{"href":"https:\/\/aloetherapy.shop\/fr\/wp-json\/wp\/v2\/product\/2170"}],"collection":[{"href":"https:\/\/aloetherapy.shop\/fr\/wp-json\/wp\/v2\/product"}],"about":[{"href":"https:\/\/aloetherapy.shop\/fr\/wp-json\/wp\/v2\/types\/product"}],"replies":[{"embeddable":true,"href":"https:\/\/aloetherapy.shop\/fr\/wp-json\/wp\/v2\/comments?post=2170"}],"wp:featuredmedia":[{"embeddable":true,"href":"https:\/\/aloetherapy.shop\/fr\/wp-json\/wp\/v2\/media\/2171"}],"wp:attachment":[{"href":"https:\/\/aloetherapy.shop\/fr\/wp-json\/wp\/v2\/media?parent=2170"}],"wp:term":[{"taxonomy":"product_cat","embeddable":true,"href":"https:\/\/aloetherapy.shop\/fr\/wp-json\/wp\/v2\/product_cat?post=2170"},{"taxonomy":"product_tag","embeddable":true,"href":"https:\/\/aloetherapy.shop\/fr\/wp-json\/wp\/v2\/product_tag?post=2170"}],"curies":[{"name":"wp","href":"https:\/\/api.w.org\/{rel}","templated":true}]}}