{"id":2168,"date":"2013-11-28T01:08:06","date_gmt":"2013-11-28T01:08:06","guid":{"rendered":"http:\/\/aloetherapy.shop\/tienda\/creme-cobra\/"},"modified":"2013-11-28T01:08:06","modified_gmt":"2013-11-28T01:08:06","slug":"creme-cobra","status":"publish","type":"product","link":"https:\/\/aloetherapy.shop\/fr\/tienda\/creme-cobra\/","title":{"rendered":"Cr\u00e8me Cobra"},"content":{"rendered":"","protected":false},"excerpt":{"rendered":"<p>100ml.<br \/>\nCr\u00e8me Extratensive \u00e0 l&rsquo;Emulsion King Cobra Venom tr\u00e8s riche en Aloe Vera, ainsi qu&rsquo;en oligopeptides et oligo-\u00e9l\u00e9ments avec une composition similaire au venin de cobra. Son effet tenseur rapide et durable r\u00e9duit efficacement les rides et ridules. De m\u00eame, il r\u00e9cup\u00e8re la fermet\u00e9, l&rsquo;\u00e9lasticit\u00e9 et la finesse de la peau.<\/p>\n","protected":false},"featured_media":2169,"comment_status":"open","ping_status":"closed","template":"","meta":[],"product_cat":[181,137,179],"product_tag":[],"_links":{"self":[{"href":"https:\/\/aloetherapy.shop\/fr\/wp-json\/wp\/v2\/product\/2168"}],"collection":[{"href":"https:\/\/aloetherapy.shop\/fr\/wp-json\/wp\/v2\/product"}],"about":[{"href":"https:\/\/aloetherapy.shop\/fr\/wp-json\/wp\/v2\/types\/product"}],"replies":[{"embeddable":true,"href":"https:\/\/aloetherapy.shop\/fr\/wp-json\/wp\/v2\/comments?post=2168"}],"wp:featuredmedia":[{"embeddable":true,"href":"https:\/\/aloetherapy.shop\/fr\/wp-json\/wp\/v2\/media\/2169"}],"wp:attachment":[{"href":"https:\/\/aloetherapy.shop\/fr\/wp-json\/wp\/v2\/media?parent=2168"}],"wp:term":[{"taxonomy":"product_cat","embeddable":true,"href":"https:\/\/aloetherapy.shop\/fr\/wp-json\/wp\/v2\/product_cat?post=2168"},{"taxonomy":"product_tag","embeddable":true,"href":"https:\/\/aloetherapy.shop\/fr\/wp-json\/wp\/v2\/product_tag?post=2168"}],"curies":[{"name":"wp","href":"https:\/\/api.w.org\/{rel}","templated":true}]}}