{"id":2165,"date":"2013-11-28T01:18:50","date_gmt":"2013-11-28T01:18:50","guid":{"rendered":"http:\/\/aloetherapy.shop\/tienda\/serum-aloe-cobra\/"},"modified":"2013-11-28T01:18:50","modified_gmt":"2013-11-28T01:18:50","slug":"serum-aloe-cobra","status":"publish","type":"product","link":"https:\/\/aloetherapy.shop\/fr\/tienda\/serum-aloe-cobra\/","title":{"rendered":"S\u00e9rum Aloe Cobra"},"content":{"rendered":"","protected":false},"excerpt":{"rendered":"<p><strong>S\u00e9rum extra-tension au King Cobra Venom.<\/strong><br \/>\nPr\u00e9par\u00e9 riche en Aloe Vera et en vitamines. Il incorpore des oligo peptides et des oligo \u00e9l\u00e9ments dont les compositions ressemblent \u00e0 celles du venin de cobra. Son extraordinaire effet tenseur de la peau se manifeste imm\u00e9diatement sur les rides et ridules, pendant plusieurs heures.<\/p>\n","protected":false},"featured_media":2167,"comment_status":"open","ping_status":"closed","template":"","meta":[],"product_cat":[181,137,179],"product_tag":[],"_links":{"self":[{"href":"https:\/\/aloetherapy.shop\/fr\/wp-json\/wp\/v2\/product\/2165"}],"collection":[{"href":"https:\/\/aloetherapy.shop\/fr\/wp-json\/wp\/v2\/product"}],"about":[{"href":"https:\/\/aloetherapy.shop\/fr\/wp-json\/wp\/v2\/types\/product"}],"replies":[{"embeddable":true,"href":"https:\/\/aloetherapy.shop\/fr\/wp-json\/wp\/v2\/comments?post=2165"}],"wp:featuredmedia":[{"embeddable":true,"href":"https:\/\/aloetherapy.shop\/fr\/wp-json\/wp\/v2\/media\/2167"}],"wp:attachment":[{"href":"https:\/\/aloetherapy.shop\/fr\/wp-json\/wp\/v2\/media?parent=2165"}],"wp:term":[{"taxonomy":"product_cat","embeddable":true,"href":"https:\/\/aloetherapy.shop\/fr\/wp-json\/wp\/v2\/product_cat?post=2165"},{"taxonomy":"product_tag","embeddable":true,"href":"https:\/\/aloetherapy.shop\/fr\/wp-json\/wp\/v2\/product_tag?post=2165"}],"curies":[{"name":"wp","href":"https:\/\/api.w.org\/{rel}","templated":true}]}}