{"id":2163,"date":"2013-11-28T01:23:48","date_gmt":"2013-11-28T01:23:48","guid":{"rendered":"http:\/\/aloetherapy.shop\/tienda\/feuilles-daloe-vera\/"},"modified":"2013-11-28T01:23:48","modified_gmt":"2013-11-28T01:23:48","slug":"feuilles-daloe-vera","status":"publish","type":"product","link":"https:\/\/aloetherapy.shop\/fr\/tienda\/feuilles-daloe-vera\/","title":{"rendered":"Feuilles d&rsquo;Aloe Vera"},"content":{"rendered":"","protected":false},"excerpt":{"rendered":"<p>Nous mettons \u00e0 disposition de nos clients cette pr\u00e9sentation originale de la plante que nous produisons. Feuilles enti\u00e8res de 500 \u00e0 750gr., Coup\u00e9es \u00e0 la base de la plante, \u00e9vitant ainsi la perte de s\u00e8ve des feuilles. Le format de vente est tr\u00e8s variable, de la vente en vrac dans des bo\u00eetes de transport, \u00e0 l&rsquo;incorporation dans des bo\u00eetes personnalis\u00e9es par les clients.<\/p>\n<p><a class=\"button boton-standar button_size_2 button_stroke_custom button_js\" href=\"\/contacto\/\" target=\"_blank\" style=\" border-color:#F6932E !important; color:#ffffff !Important;;\" rel=\"noopener noreferrer\"><span class=\"button_label\">Consultar<\/span><\/a><\/p>\n","protected":false},"featured_media":2164,"comment_status":"open","ping_status":"closed","template":"","meta":[],"product_cat":[209],"product_tag":[],"_links":{"self":[{"href":"https:\/\/aloetherapy.shop\/fr\/wp-json\/wp\/v2\/product\/2163"}],"collection":[{"href":"https:\/\/aloetherapy.shop\/fr\/wp-json\/wp\/v2\/product"}],"about":[{"href":"https:\/\/aloetherapy.shop\/fr\/wp-json\/wp\/v2\/types\/product"}],"replies":[{"embeddable":true,"href":"https:\/\/aloetherapy.shop\/fr\/wp-json\/wp\/v2\/comments?post=2163"}],"wp:featuredmedia":[{"embeddable":true,"href":"https:\/\/aloetherapy.shop\/fr\/wp-json\/wp\/v2\/media\/2164"}],"wp:attachment":[{"href":"https:\/\/aloetherapy.shop\/fr\/wp-json\/wp\/v2\/media?parent=2163"}],"wp:term":[{"taxonomy":"product_cat","embeddable":true,"href":"https:\/\/aloetherapy.shop\/fr\/wp-json\/wp\/v2\/product_cat?post=2163"},{"taxonomy":"product_tag","embeddable":true,"href":"https:\/\/aloetherapy.shop\/fr\/wp-json\/wp\/v2\/product_tag?post=2163"}],"curies":[{"name":"wp","href":"https:\/\/api.w.org\/{rel}","templated":true}]}}