{"id":2161,"date":"2013-11-28T01:35:19","date_gmt":"2013-11-28T01:35:19","guid":{"rendered":"http:\/\/aloetherapy.shop\/tienda\/plantes-daloe-vera\/"},"modified":"2013-11-28T01:35:19","modified_gmt":"2013-11-28T01:35:19","slug":"plantes-daloe-vera","status":"publish","type":"product","link":"https:\/\/aloetherapy.shop\/fr\/tienda\/plantes-daloe-vera\/","title":{"rendered":"Plantes d&rsquo;Aloe Vera"},"content":{"rendered":"","protected":false},"excerpt":{"rendered":"<p>Chez Aloe Therapy, nous voulons \u00e9galement offrir \u00e0 tout client qui souhaite se lancer dans la culture de l&rsquo;Aloe Vera, enfants de nos plantes, n\u00e9s \u00e0 Fuerteventura.<\/p>\n<p>L&rsquo;Aloe Vera est une plante tr\u00e8s r\u00e9sistante au transport, ce qui permettra \u00e0 l&rsquo;acheteur de transporter de grandes quantit\u00e9s. Il est possible que certaines feuilles soient perdues ou touch\u00e9es, mais pendant le processus de collage de la plante sur le nouveau sol, elle retrouve sa forme et gu\u00e9rit les coupures ou les coups qui pourraient \u00eatre subis. De plus, il est pratique de les laisser une p\u00e9riode dans l&rsquo;air avant d&rsquo;\u00eatre sem\u00e9es afin qu&rsquo;elles collent avec plus de force.<\/p>\n","protected":false},"featured_media":2162,"comment_status":"open","ping_status":"closed","template":"","meta":[],"product_cat":[209],"product_tag":[],"_links":{"self":[{"href":"https:\/\/aloetherapy.shop\/fr\/wp-json\/wp\/v2\/product\/2161"}],"collection":[{"href":"https:\/\/aloetherapy.shop\/fr\/wp-json\/wp\/v2\/product"}],"about":[{"href":"https:\/\/aloetherapy.shop\/fr\/wp-json\/wp\/v2\/types\/product"}],"replies":[{"embeddable":true,"href":"https:\/\/aloetherapy.shop\/fr\/wp-json\/wp\/v2\/comments?post=2161"}],"wp:featuredmedia":[{"embeddable":true,"href":"https:\/\/aloetherapy.shop\/fr\/wp-json\/wp\/v2\/media\/2162"}],"wp:attachment":[{"href":"https:\/\/aloetherapy.shop\/fr\/wp-json\/wp\/v2\/media?parent=2161"}],"wp:term":[{"taxonomy":"product_cat","embeddable":true,"href":"https:\/\/aloetherapy.shop\/fr\/wp-json\/wp\/v2\/product_cat?post=2161"},{"taxonomy":"product_tag","embeddable":true,"href":"https:\/\/aloetherapy.shop\/fr\/wp-json\/wp\/v2\/product_tag?post=2161"}],"curies":[{"name":"wp","href":"https:\/\/api.w.org\/{rel}","templated":true}]}}