{"id":2158,"date":"2013-11-28T01:37:24","date_gmt":"2013-11-28T01:37:24","guid":{"rendered":"http:\/\/aloetherapy.shop\/tienda\/baume-a-levres-a-laloes\/"},"modified":"2013-11-28T01:37:24","modified_gmt":"2013-11-28T01:37:24","slug":"baume-a-levres-a-laloes","status":"publish","type":"product","link":"https:\/\/aloetherapy.shop\/fr\/tienda\/baume-a-levres-a-laloes\/","title":{"rendered":"Baume \u00e0 l\u00e8vres \u00e0 l&rsquo;alo\u00e8s"},"content":{"rendered":"","protected":false},"excerpt":{"rendered":"<p>Le baume \u00e0 l\u00e8vres SPF15 Aloe Therapy contient de l&rsquo;aloe vera et de l&rsquo;huile d&rsquo;arbre \u00e0 th\u00e9.<br \/>\nProcure une sensation rafra\u00eechissante et garde vos l\u00e8vres hydrat\u00e9es et douces.<\/p>\n","protected":false},"featured_media":2160,"comment_status":"open","ping_status":"closed","template":"","meta":[],"product_cat":[202,179],"product_tag":[],"_links":{"self":[{"href":"https:\/\/aloetherapy.shop\/fr\/wp-json\/wp\/v2\/product\/2158"}],"collection":[{"href":"https:\/\/aloetherapy.shop\/fr\/wp-json\/wp\/v2\/product"}],"about":[{"href":"https:\/\/aloetherapy.shop\/fr\/wp-json\/wp\/v2\/types\/product"}],"replies":[{"embeddable":true,"href":"https:\/\/aloetherapy.shop\/fr\/wp-json\/wp\/v2\/comments?post=2158"}],"wp:featuredmedia":[{"embeddable":true,"href":"https:\/\/aloetherapy.shop\/fr\/wp-json\/wp\/v2\/media\/2160"}],"wp:attachment":[{"href":"https:\/\/aloetherapy.shop\/fr\/wp-json\/wp\/v2\/media?parent=2158"}],"wp:term":[{"taxonomy":"product_cat","embeddable":true,"href":"https:\/\/aloetherapy.shop\/fr\/wp-json\/wp\/v2\/product_cat?post=2158"},{"taxonomy":"product_tag","embeddable":true,"href":"https:\/\/aloetherapy.shop\/fr\/wp-json\/wp\/v2\/product_tag?post=2158"}],"curies":[{"name":"wp","href":"https:\/\/api.w.org\/{rel}","templated":true}]}}