{"id":2153,"date":"2013-11-28T01:43:38","date_gmt":"2013-11-28T01:43:38","guid":{"rendered":"http:\/\/aloetherapy.shop\/tienda\/gel-de-douche\/"},"modified":"2020-09-29T09:57:42","modified_gmt":"2020-09-29T09:57:42","slug":"gel-de-douche","status":"publish","type":"product","link":"https:\/\/aloetherapy.shop\/fr\/tienda\/gel-de-douche\/","title":{"rendered":"Gel de douche"},"content":{"rendered":"","protected":false},"excerpt":{"rendered":"<p>Son parfum rafra\u00eechissant a une action calmante et apaisante, procurant une agr\u00e9able sensation de bien-\u00eatre.<\/p>\n","protected":false},"featured_media":0,"comment_status":"open","ping_status":"closed","template":"","meta":[],"product_cat":[267,278,202],"product_tag":[270],"_links":{"self":[{"href":"https:\/\/aloetherapy.shop\/fr\/wp-json\/wp\/v2\/product\/2153"}],"collection":[{"href":"https:\/\/aloetherapy.shop\/fr\/wp-json\/wp\/v2\/product"}],"about":[{"href":"https:\/\/aloetherapy.shop\/fr\/wp-json\/wp\/v2\/types\/product"}],"replies":[{"embeddable":true,"href":"https:\/\/aloetherapy.shop\/fr\/wp-json\/wp\/v2\/comments?post=2153"}],"wp:attachment":[{"href":"https:\/\/aloetherapy.shop\/fr\/wp-json\/wp\/v2\/media?parent=2153"}],"wp:term":[{"taxonomy":"product_cat","embeddable":true,"href":"https:\/\/aloetherapy.shop\/fr\/wp-json\/wp\/v2\/product_cat?post=2153"},{"taxonomy":"product_tag","embeddable":true,"href":"https:\/\/aloetherapy.shop\/fr\/wp-json\/wp\/v2\/product_tag?post=2153"}],"curies":[{"name":"wp","href":"https:\/\/api.w.org\/{rel}","templated":true}]}}