{"id":2151,"date":"2014-06-13T08:00:19","date_gmt":"2014-06-13T08:00:19","guid":{"rendered":"http:\/\/aloetherapy.shop\/tienda\/gel-integral-daloe-vera-100-ml\/"},"modified":"2020-09-29T09:57:29","modified_gmt":"2020-09-29T09:57:29","slug":"gel-integral-daloe-vera-100-ml","status":"publish","type":"product","link":"https:\/\/aloetherapy.shop\/fr\/tienda\/gel-integral-daloe-vera-100-ml\/","title":{"rendered":"Gel Int\u00e9gral d&rsquo;Aloe Vera 100 ml"},"content":{"rendered":"","protected":false},"excerpt":{"rendered":"<p>L&rsquo;Aloe Vera Gel Integral est extrait directement des feuilles d&rsquo;aloe vera press\u00e9es \u00e0 froid. Les plantes utilis\u00e9es proviennent exclusivement de cultures biologiques des \u00eeles Canaries, avec un processus de production qui garantit les propri\u00e9t\u00e9s de la plante.<\/p>\n","protected":false},"featured_media":2152,"comment_status":"open","ping_status":"closed","template":"","meta":[],"product_cat":[267,282,203],"product_tag":[270],"_links":{"self":[{"href":"https:\/\/aloetherapy.shop\/fr\/wp-json\/wp\/v2\/product\/2151"}],"collection":[{"href":"https:\/\/aloetherapy.shop\/fr\/wp-json\/wp\/v2\/product"}],"about":[{"href":"https:\/\/aloetherapy.shop\/fr\/wp-json\/wp\/v2\/types\/product"}],"replies":[{"embeddable":true,"href":"https:\/\/aloetherapy.shop\/fr\/wp-json\/wp\/v2\/comments?post=2151"}],"wp:featuredmedia":[{"embeddable":true,"href":"https:\/\/aloetherapy.shop\/fr\/wp-json\/wp\/v2\/media\/2152"}],"wp:attachment":[{"href":"https:\/\/aloetherapy.shop\/fr\/wp-json\/wp\/v2\/media?parent=2151"}],"wp:term":[{"taxonomy":"product_cat","embeddable":true,"href":"https:\/\/aloetherapy.shop\/fr\/wp-json\/wp\/v2\/product_cat?post=2151"},{"taxonomy":"product_tag","embeddable":true,"href":"https:\/\/aloetherapy.shop\/fr\/wp-json\/wp\/v2\/product_tag?post=2151"}],"curies":[{"name":"wp","href":"https:\/\/api.w.org\/{rel}","templated":true}]}}