{"id":2149,"date":"2014-06-12T23:50:52","date_gmt":"2014-06-12T23:50:52","guid":{"rendered":"http:\/\/aloetherapy.shop\/tienda\/gel-musculaire-100-ml\/"},"modified":"2020-09-29T09:57:17","modified_gmt":"2020-09-29T09:57:17","slug":"gel-musculaire-100-ml","status":"publish","type":"product","link":"https:\/\/aloetherapy.shop\/fr\/tienda\/gel-musculaire-100-ml\/","title":{"rendered":"Gel musculaire 100 ml"},"content":{"rendered":"<p>CoolAction Muscle Gel apaise imm\u00e9diatement les articulations, les jambes fatigu\u00e9es, les maux de l&rsquo;activit\u00e9 sportive, apportant fra\u00eecheur et soulagement.<\/p>\n","protected":false},"excerpt":{"rendered":"<p>CoolAction Muscle Gel apaise imm\u00e9diatement les articulations, les jambes fatigu\u00e9es, les maux de l&rsquo;activit\u00e9 sportive, apportant fra\u00eecheur et soulagement.<\/p>\n","protected":false},"featured_media":2150,"comment_status":"open","ping_status":"closed","template":"","meta":[],"product_cat":[267,278,200],"product_tag":[270],"_links":{"self":[{"href":"https:\/\/aloetherapy.shop\/fr\/wp-json\/wp\/v2\/product\/2149"}],"collection":[{"href":"https:\/\/aloetherapy.shop\/fr\/wp-json\/wp\/v2\/product"}],"about":[{"href":"https:\/\/aloetherapy.shop\/fr\/wp-json\/wp\/v2\/types\/product"}],"replies":[{"embeddable":true,"href":"https:\/\/aloetherapy.shop\/fr\/wp-json\/wp\/v2\/comments?post=2149"}],"wp:featuredmedia":[{"embeddable":true,"href":"https:\/\/aloetherapy.shop\/fr\/wp-json\/wp\/v2\/media\/2150"}],"wp:attachment":[{"href":"https:\/\/aloetherapy.shop\/fr\/wp-json\/wp\/v2\/media?parent=2149"}],"wp:term":[{"taxonomy":"product_cat","embeddable":true,"href":"https:\/\/aloetherapy.shop\/fr\/wp-json\/wp\/v2\/product_cat?post=2149"},{"taxonomy":"product_tag","embeddable":true,"href":"https:\/\/aloetherapy.shop\/fr\/wp-json\/wp\/v2\/product_tag?post=2149"}],"curies":[{"name":"wp","href":"https:\/\/api.w.org\/{rel}","templated":true}]}}