{"id":2143,"date":"2017-01-26T02:02:51","date_gmt":"2017-01-26T02:02:51","guid":{"rendered":"http:\/\/aloetherapy.shop\/tienda\/gel-pour-le-corps-a-laloes-250-ml\/"},"modified":"2020-09-29T09:56:05","modified_gmt":"2020-09-29T09:56:05","slug":"gel-pour-le-corps-a-laloes-250-ml","status":"publish","type":"product","link":"https:\/\/aloetherapy.shop\/fr\/tienda\/gel-pour-le-corps-a-laloes-250-ml\/","title":{"rendered":"Gel pour le corps \u00e0 l&rsquo;alo\u00e8s 250 ml"},"content":{"rendered":"","protected":false},"excerpt":{"rendered":"<p>Le jus ou le gel d&rsquo;Aloe Vera a des propri\u00e9t\u00e9s anti-inflammatoires, \u00e9mollientes, immunomodulatrices, hydratantes, cicatrisantes, antiulc\u00e9reuses, r\u00e9g\u00e9n\u00e9rantes tissulaires, br\u00fblures (fortuites, solaires, radiations, chimiques, chocs \u00e9lectriques, cong\u00e9lation, etc.), soins Peau, maladies fongiques, acn\u00e9, soins du corps, alt\u00e9rations du collag\u00e8ne de la peau (ecz\u00e9ma, psoriasis, etc &#8230;). Substance d&rsquo;une grande action cosm\u00e9tique.<\/p>\n","protected":false},"featured_media":2144,"comment_status":"open","ping_status":"closed","template":"","meta":[],"product_cat":[203,199],"product_tag":[],"_links":{"self":[{"href":"https:\/\/aloetherapy.shop\/fr\/wp-json\/wp\/v2\/product\/2143"}],"collection":[{"href":"https:\/\/aloetherapy.shop\/fr\/wp-json\/wp\/v2\/product"}],"about":[{"href":"https:\/\/aloetherapy.shop\/fr\/wp-json\/wp\/v2\/types\/product"}],"replies":[{"embeddable":true,"href":"https:\/\/aloetherapy.shop\/fr\/wp-json\/wp\/v2\/comments?post=2143"}],"wp:featuredmedia":[{"embeddable":true,"href":"https:\/\/aloetherapy.shop\/fr\/wp-json\/wp\/v2\/media\/2144"}],"wp:attachment":[{"href":"https:\/\/aloetherapy.shop\/fr\/wp-json\/wp\/v2\/media?parent=2143"}],"wp:term":[{"taxonomy":"product_cat","embeddable":true,"href":"https:\/\/aloetherapy.shop\/fr\/wp-json\/wp\/v2\/product_cat?post=2143"},{"taxonomy":"product_tag","embeddable":true,"href":"https:\/\/aloetherapy.shop\/fr\/wp-json\/wp\/v2\/product_tag?post=2143"}],"curies":[{"name":"wp","href":"https:\/\/api.w.org\/{rel}","templated":true}]}}