{"id":2135,"date":"2017-01-26T02:30:04","date_gmt":"2017-01-26T02:30:04","guid":{"rendered":"http:\/\/aloetherapy.shop\/tienda\/aloe-shampoo\/"},"modified":"2020-09-29T09:53:56","modified_gmt":"2020-09-29T09:53:56","slug":"aloe-shampoo","status":"publish","type":"product","link":"https:\/\/aloetherapy.shop\/fr\/tienda\/aloe-shampoo\/","title":{"rendered":"Aloe Shampoo"},"content":{"rendered":"","protected":false},"excerpt":{"rendered":"<p>Produit absolument naturel, formul\u00e9 avec de l&rsquo;Aloe Vera de qualit\u00e9 exceptionnelle issu de cultures biologiques des \u00eeles Canaries. Son utilisation r\u00e9gule, revitalise et renforce naturellement les cheveux.<\/p>\n","protected":false},"featured_media":2136,"comment_status":"open","ping_status":"closed","template":"","meta":[],"product_cat":[267,278,202],"product_tag":[270],"_links":{"self":[{"href":"https:\/\/aloetherapy.shop\/fr\/wp-json\/wp\/v2\/product\/2135"}],"collection":[{"href":"https:\/\/aloetherapy.shop\/fr\/wp-json\/wp\/v2\/product"}],"about":[{"href":"https:\/\/aloetherapy.shop\/fr\/wp-json\/wp\/v2\/types\/product"}],"replies":[{"embeddable":true,"href":"https:\/\/aloetherapy.shop\/fr\/wp-json\/wp\/v2\/comments?post=2135"}],"wp:featuredmedia":[{"embeddable":true,"href":"https:\/\/aloetherapy.shop\/fr\/wp-json\/wp\/v2\/media\/2136"}],"wp:attachment":[{"href":"https:\/\/aloetherapy.shop\/fr\/wp-json\/wp\/v2\/media?parent=2135"}],"wp:term":[{"taxonomy":"product_cat","embeddable":true,"href":"https:\/\/aloetherapy.shop\/fr\/wp-json\/wp\/v2\/product_cat?post=2135"},{"taxonomy":"product_tag","embeddable":true,"href":"https:\/\/aloetherapy.shop\/fr\/wp-json\/wp\/v2\/product_tag?post=2135"}],"curies":[{"name":"wp","href":"https:\/\/api.w.org\/{rel}","templated":true}]}}