{"id":2130,"date":"2017-01-26T02:36:37","date_gmt":"2017-01-26T02:36:37","guid":{"rendered":"http:\/\/aloetherapy.shop\/tienda\/savon-aloe-olive-lavande-90gr\/"},"modified":"2020-09-29T09:53:28","modified_gmt":"2020-09-29T09:53:28","slug":"savon-aloe-olive-lavande-90gr","status":"publish","type":"product","link":"https:\/\/aloetherapy.shop\/fr\/tienda\/savon-aloe-olive-lavande-90gr\/","title":{"rendered":"Savon Aloe Olive Lavande 90gr"},"content":{"rendered":"","protected":false},"excerpt":{"rendered":"<p>Savon naturel \u00e0 l&rsquo;huile d&rsquo;olive, \u00e0 l&rsquo;aloe vera, au lait de ch\u00e8vre et \u00e0 la lavande.<br \/>\nNettoie et hydrate tout en pr\u00e9servant l&rsquo;\u00e9quilibre naturel de la peau.<\/p>\n","protected":false},"featured_media":2132,"comment_status":"open","ping_status":"closed","template":"","meta":[],"product_cat":[267,278,202],"product_tag":[270],"_links":{"self":[{"href":"https:\/\/aloetherapy.shop\/fr\/wp-json\/wp\/v2\/product\/2130"}],"collection":[{"href":"https:\/\/aloetherapy.shop\/fr\/wp-json\/wp\/v2\/product"}],"about":[{"href":"https:\/\/aloetherapy.shop\/fr\/wp-json\/wp\/v2\/types\/product"}],"replies":[{"embeddable":true,"href":"https:\/\/aloetherapy.shop\/fr\/wp-json\/wp\/v2\/comments?post=2130"}],"wp:featuredmedia":[{"embeddable":true,"href":"https:\/\/aloetherapy.shop\/fr\/wp-json\/wp\/v2\/media\/2132"}],"wp:attachment":[{"href":"https:\/\/aloetherapy.shop\/fr\/wp-json\/wp\/v2\/media?parent=2130"}],"wp:term":[{"taxonomy":"product_cat","embeddable":true,"href":"https:\/\/aloetherapy.shop\/fr\/wp-json\/wp\/v2\/product_cat?post=2130"},{"taxonomy":"product_tag","embeddable":true,"href":"https:\/\/aloetherapy.shop\/fr\/wp-json\/wp\/v2\/product_tag?post=2130"}],"curies":[{"name":"wp","href":"https:\/\/api.w.org\/{rel}","templated":true}]}}