{"id":2128,"date":"2017-01-26T02:36:39","date_gmt":"2017-01-26T02:36:39","guid":{"rendered":"http:\/\/aloetherapy.shop\/tienda\/savon-a-l-avoine-et-a-laloe-vera\/"},"modified":"2020-09-29T09:52:44","modified_gmt":"2020-09-29T09:52:44","slug":"savon-a-l-avoine-et-a-laloe-vera","status":"publish","type":"product","link":"https:\/\/aloetherapy.shop\/fr\/tienda\/savon-a-l-avoine-et-a-laloe-vera\/","title":{"rendered":"Savon \u00e0 l&rsquo;avoine et \u00e0 l&rsquo;aloe vera"},"content":{"rendered":"","protected":false},"excerpt":{"rendered":"<p>Savon naturel \u00e0 la glyc\u00e9rine \u00e0 la pulpe d&rsquo;aloe vera et au calendula. Nettoie et hydrate tout en pr\u00e9servant l&rsquo;\u00e9quilibre naturel de la peau.<\/p>\n","protected":false},"featured_media":2129,"comment_status":"open","ping_status":"closed","template":"","meta":[],"product_cat":[267,202],"product_tag":[270],"_links":{"self":[{"href":"https:\/\/aloetherapy.shop\/fr\/wp-json\/wp\/v2\/product\/2128"}],"collection":[{"href":"https:\/\/aloetherapy.shop\/fr\/wp-json\/wp\/v2\/product"}],"about":[{"href":"https:\/\/aloetherapy.shop\/fr\/wp-json\/wp\/v2\/types\/product"}],"replies":[{"embeddable":true,"href":"https:\/\/aloetherapy.shop\/fr\/wp-json\/wp\/v2\/comments?post=2128"}],"wp:featuredmedia":[{"embeddable":true,"href":"https:\/\/aloetherapy.shop\/fr\/wp-json\/wp\/v2\/media\/2129"}],"wp:attachment":[{"href":"https:\/\/aloetherapy.shop\/fr\/wp-json\/wp\/v2\/media?parent=2128"}],"wp:term":[{"taxonomy":"product_cat","embeddable":true,"href":"https:\/\/aloetherapy.shop\/fr\/wp-json\/wp\/v2\/product_cat?post=2128"},{"taxonomy":"product_tag","embeddable":true,"href":"https:\/\/aloetherapy.shop\/fr\/wp-json\/wp\/v2\/product_tag?post=2128"}],"curies":[{"name":"wp","href":"https:\/\/api.w.org\/{rel}","templated":true}]}}