{"id":2126,"date":"2017-01-26T02:36:41","date_gmt":"2017-01-26T02:36:41","guid":{"rendered":"http:\/\/aloetherapy.shop\/tienda\/savon-naturel-aloe-vera\/"},"modified":"2020-09-29T09:52:34","modified_gmt":"2020-09-29T09:52:34","slug":"savon-naturel-aloe-vera","status":"publish","type":"product","link":"https:\/\/aloetherapy.shop\/fr\/tienda\/savon-naturel-aloe-vera\/","title":{"rendered":"Savon Naturel Aloe Vera"},"content":{"rendered":"","protected":false},"excerpt":{"rendered":"<p>Savon naturel \u00e0 la glyc\u00e9rine \u00e0 la pulpe d&rsquo;aloe vera et au calendula. Nettoie et hydrate tout en pr\u00e9servant l&rsquo;\u00e9quilibre naturel de la peau.<\/p>\n","protected":false},"featured_media":2127,"comment_status":"open","ping_status":"closed","template":"","meta":[],"product_cat":[267,278,202],"product_tag":[270],"_links":{"self":[{"href":"https:\/\/aloetherapy.shop\/fr\/wp-json\/wp\/v2\/product\/2126"}],"collection":[{"href":"https:\/\/aloetherapy.shop\/fr\/wp-json\/wp\/v2\/product"}],"about":[{"href":"https:\/\/aloetherapy.shop\/fr\/wp-json\/wp\/v2\/types\/product"}],"replies":[{"embeddable":true,"href":"https:\/\/aloetherapy.shop\/fr\/wp-json\/wp\/v2\/comments?post=2126"}],"wp:featuredmedia":[{"embeddable":true,"href":"https:\/\/aloetherapy.shop\/fr\/wp-json\/wp\/v2\/media\/2127"}],"wp:attachment":[{"href":"https:\/\/aloetherapy.shop\/fr\/wp-json\/wp\/v2\/media?parent=2126"}],"wp:term":[{"taxonomy":"product_cat","embeddable":true,"href":"https:\/\/aloetherapy.shop\/fr\/wp-json\/wp\/v2\/product_cat?post=2126"},{"taxonomy":"product_tag","embeddable":true,"href":"https:\/\/aloetherapy.shop\/fr\/wp-json\/wp\/v2\/product_tag?post=2126"}],"curies":[{"name":"wp","href":"https:\/\/api.w.org\/{rel}","templated":true}]}}