{"id":2124,"date":"2017-01-26T17:59:49","date_gmt":"2017-01-26T17:59:49","guid":{"rendered":"http:\/\/aloetherapy.shop\/tienda\/gel-musculaire-200-ml\/"},"modified":"2020-09-29T09:52:13","modified_gmt":"2020-09-29T09:52:13","slug":"gel-musculaire-200-ml","status":"publish","type":"product","link":"https:\/\/aloetherapy.shop\/fr\/tienda\/gel-musculaire-200-ml\/","title":{"rendered":"Gel musculaire 200 ml"},"content":{"rendered":"<p>CoolAction Muscle Gel apaise imm\u00e9diatement les articulations, les jambes fatigu\u00e9es, les maux de l&rsquo;activit\u00e9 sportive, apportant fra\u00eecheur et soulagement.<\/p>\n","protected":false},"excerpt":{"rendered":"<p>CoolAction Muscle Gel apaise imm\u00e9diatement les articulations, les jambes fatigu\u00e9es, les maux de l&rsquo;activit\u00e9 sportive, apportant fra\u00eecheur et soulagement.<\/p>\n","protected":false},"featured_media":2125,"comment_status":"open","ping_status":"closed","template":"","meta":[],"product_cat":[267,282,200],"product_tag":[270],"_links":{"self":[{"href":"https:\/\/aloetherapy.shop\/fr\/wp-json\/wp\/v2\/product\/2124"}],"collection":[{"href":"https:\/\/aloetherapy.shop\/fr\/wp-json\/wp\/v2\/product"}],"about":[{"href":"https:\/\/aloetherapy.shop\/fr\/wp-json\/wp\/v2\/types\/product"}],"replies":[{"embeddable":true,"href":"https:\/\/aloetherapy.shop\/fr\/wp-json\/wp\/v2\/comments?post=2124"}],"wp:featuredmedia":[{"embeddable":true,"href":"https:\/\/aloetherapy.shop\/fr\/wp-json\/wp\/v2\/media\/2125"}],"wp:attachment":[{"href":"https:\/\/aloetherapy.shop\/fr\/wp-json\/wp\/v2\/media?parent=2124"}],"wp:term":[{"taxonomy":"product_cat","embeddable":true,"href":"https:\/\/aloetherapy.shop\/fr\/wp-json\/wp\/v2\/product_cat?post=2124"},{"taxonomy":"product_tag","embeddable":true,"href":"https:\/\/aloetherapy.shop\/fr\/wp-json\/wp\/v2\/product_tag?post=2124"}],"curies":[{"name":"wp","href":"https:\/\/api.w.org\/{rel}","templated":true}]}}