{"id":2120,"date":"2017-08-01T10:58:11","date_gmt":"2017-08-01T10:58:11","guid":{"rendered":"http:\/\/aloetherapy.shop\/tienda\/deo-pure-natural-protect-50-ml\/"},"modified":"2020-09-29T09:51:22","modified_gmt":"2020-09-29T09:51:22","slug":"deo-pure-natural-protect-50-ml","status":"publish","type":"product","link":"https:\/\/aloetherapy.shop\/fr\/tienda\/deo-pure-natural-protect-50-ml\/","title":{"rendered":"Deo Pure &#8211; Natural Protect -50 ml"},"content":{"rendered":"","protected":false},"excerpt":{"rendered":"<p>D\u00e9odorant Aloe Vera Pour les peaux les plus sensibles. Ce d\u00e9odorant roll-on a des propri\u00e9t\u00e9s antibact\u00e9riennes. Contient de l&rsquo;Aloe Vera, de l&rsquo;huile de coco et de l&rsquo;huile d&rsquo;arbre \u00e0 th\u00e9.<\/p>\n<p>Bien agiter et appliquer sur une peau propre. Apaisement sp\u00e9cial pour peaux sensibles: Sans aluminium, sans SLS, sans parabens, sans alcool et naturel.<\/p>\n","protected":false},"featured_media":2121,"comment_status":"open","ping_status":"closed","template":"","meta":[],"product_cat":[267,199],"product_tag":[270],"_links":{"self":[{"href":"https:\/\/aloetherapy.shop\/fr\/wp-json\/wp\/v2\/product\/2120"}],"collection":[{"href":"https:\/\/aloetherapy.shop\/fr\/wp-json\/wp\/v2\/product"}],"about":[{"href":"https:\/\/aloetherapy.shop\/fr\/wp-json\/wp\/v2\/types\/product"}],"replies":[{"embeddable":true,"href":"https:\/\/aloetherapy.shop\/fr\/wp-json\/wp\/v2\/comments?post=2120"}],"wp:featuredmedia":[{"embeddable":true,"href":"https:\/\/aloetherapy.shop\/fr\/wp-json\/wp\/v2\/media\/2121"}],"wp:attachment":[{"href":"https:\/\/aloetherapy.shop\/fr\/wp-json\/wp\/v2\/media?parent=2120"}],"wp:term":[{"taxonomy":"product_cat","embeddable":true,"href":"https:\/\/aloetherapy.shop\/fr\/wp-json\/wp\/v2\/product_cat?post=2120"},{"taxonomy":"product_tag","embeddable":true,"href":"https:\/\/aloetherapy.shop\/fr\/wp-json\/wp\/v2\/product_tag?post=2120"}],"curies":[{"name":"wp","href":"https:\/\/api.w.org\/{rel}","templated":true}]}}