{"id":2116,"date":"2020-09-16T10:27:40","date_gmt":"2020-09-16T10:27:40","guid":{"rendered":"http:\/\/aloetherapy.shop\/tienda\/sinergy-aloe-vera-oil-200ml\/"},"modified":"2020-09-29T09:50:13","modified_gmt":"2020-09-29T09:50:13","slug":"sinergy-aloe-vera-oil-200ml","status":"publish","type":"product","link":"https:\/\/aloetherapy.shop\/fr\/tienda\/sinergy-aloe-vera-oil-200ml\/","title":{"rendered":"Sinergy Aloe Vera Oil 200ml"},"content":{"rendered":"","protected":false},"excerpt":{"rendered":"<p>Gel cr\u00e9meux, alo\u00e8s et huile d&rsquo;olive, press\u00e9 \u00e0 froid et \u00e9cologique, tr\u00e8s riche en nutriments, vitamines et min\u00e9raux, qui r\u00e9g\u00e9n\u00e8rent, prot\u00e8gent et hydratent, \u00e9tant b\u00e9n\u00e9fique pour: VISAGE, CORPS ET CHEVEUX.<\/p>\n","protected":false},"featured_media":2117,"comment_status":"open","ping_status":"closed","template":"","meta":[],"product_cat":[267,278,181,203,199,179],"product_tag":[270],"_links":{"self":[{"href":"https:\/\/aloetherapy.shop\/fr\/wp-json\/wp\/v2\/product\/2116"}],"collection":[{"href":"https:\/\/aloetherapy.shop\/fr\/wp-json\/wp\/v2\/product"}],"about":[{"href":"https:\/\/aloetherapy.shop\/fr\/wp-json\/wp\/v2\/types\/product"}],"replies":[{"embeddable":true,"href":"https:\/\/aloetherapy.shop\/fr\/wp-json\/wp\/v2\/comments?post=2116"}],"wp:featuredmedia":[{"embeddable":true,"href":"https:\/\/aloetherapy.shop\/fr\/wp-json\/wp\/v2\/media\/2117"}],"wp:attachment":[{"href":"https:\/\/aloetherapy.shop\/fr\/wp-json\/wp\/v2\/media?parent=2116"}],"wp:term":[{"taxonomy":"product_cat","embeddable":true,"href":"https:\/\/aloetherapy.shop\/fr\/wp-json\/wp\/v2\/product_cat?post=2116"},{"taxonomy":"product_tag","embeddable":true,"href":"https:\/\/aloetherapy.shop\/fr\/wp-json\/wp\/v2\/product_tag?post=2116"}],"curies":[{"name":"wp","href":"https:\/\/api.w.org\/{rel}","templated":true}]}}