{"id":2110,"date":"2020-09-16T10:36:07","date_gmt":"2020-09-16T10:36:07","guid":{"rendered":"http:\/\/aloetherapy.shop\/tienda\/sensitive-creme-pour-le-visage-50ml\/"},"modified":"2020-09-29T09:49:31","modified_gmt":"2020-09-29T09:49:31","slug":"sensitive-creme-pour-le-visage-50ml","status":"publish","type":"product","link":"https:\/\/aloetherapy.shop\/fr\/tienda\/sensitive-creme-pour-le-visage-50ml\/","title":{"rendered":"Sensitive cr\u00e8me pour le visage 50ml"},"content":{"rendered":"","protected":false},"excerpt":{"rendered":"<p>La cr\u00e8me pour le visage r\u00e9g\u00e9n\u00e9rante sensible \u00e0 l&rsquo;Aloe Vera et \u00e0 l&rsquo;huile d&rsquo;argan fournit une nutrition optimale \u00e0 la peau, la laissant soyeuse. Aide \u00e0 r\u00e9duire les rides du visage et active la r\u00e9g\u00e9n\u00e9ration, stimulant la production de collag\u00e8ne.<\/p>\n","protected":false},"featured_media":2111,"comment_status":"open","ping_status":"closed","template":"","meta":[],"product_cat":[267,181,179],"product_tag":[270],"_links":{"self":[{"href":"https:\/\/aloetherapy.shop\/fr\/wp-json\/wp\/v2\/product\/2110"}],"collection":[{"href":"https:\/\/aloetherapy.shop\/fr\/wp-json\/wp\/v2\/product"}],"about":[{"href":"https:\/\/aloetherapy.shop\/fr\/wp-json\/wp\/v2\/types\/product"}],"replies":[{"embeddable":true,"href":"https:\/\/aloetherapy.shop\/fr\/wp-json\/wp\/v2\/comments?post=2110"}],"wp:featuredmedia":[{"embeddable":true,"href":"https:\/\/aloetherapy.shop\/fr\/wp-json\/wp\/v2\/media\/2111"}],"wp:attachment":[{"href":"https:\/\/aloetherapy.shop\/fr\/wp-json\/wp\/v2\/media?parent=2110"}],"wp:term":[{"taxonomy":"product_cat","embeddable":true,"href":"https:\/\/aloetherapy.shop\/fr\/wp-json\/wp\/v2\/product_cat?post=2110"},{"taxonomy":"product_tag","embeddable":true,"href":"https:\/\/aloetherapy.shop\/fr\/wp-json\/wp\/v2\/product_tag?post=2110"}],"curies":[{"name":"wp","href":"https:\/\/api.w.org\/{rel}","templated":true}]}}