{"id":2046,"date":"2020-09-22T18:25:34","date_gmt":"2020-09-22T18:25:34","guid":{"rendered":"http:\/\/aloetherapy.shop\/attention-au-client\/politique-de-confidentialite\/"},"modified":"2020-09-22T18:25:34","modified_gmt":"2020-09-22T18:25:34","slug":"politique-de-confidentialite","status":"publish","type":"page","link":"https:\/\/aloetherapy.shop\/fr\/attention-au-client\/politique-de-confidentialite\/","title":{"rendered":"Politique de confidentialit\u00e9"},"content":{"rendered":"<h2>Politique de confidentialit\u00e9<\/h2>\n<p>Aux fins de la r\u00e9glementation en vigueur sur la protection des donn\u00e9es personnelles, Aloe Therapy informe que les donn\u00e9es personnelles que vous partagez avec nous via l&rsquo;utilisation de notre site Web sont stock\u00e9es dans notre base de donn\u00e9es, dont Aloe Therapy est responsable.<\/p>\n<p>Le seul objectif de ce stockage est de r\u00e9pondre \u00e0 votre demande, pour laquelle nous vous enverrons des informations techniques, op\u00e9rationnelles et commerciales par diff\u00e9rents moyens, tels que des messages \u00e9lectroniques et \/ ou d&rsquo;autres moyens \u00e9quivalents, sur les produits, services, offres. et la nouveaut\u00e9 qui pourrait vous int\u00e9resser.<\/p>\n<p>Chez Aloe Therapy, nous nous engageons \u00e0 prot\u00e9ger les informations personnelles que vous partagez avec nous sur Internet et \u00e0 nous permettre de les conserver conform\u00e9ment \u00e0 la loi.<\/p>\n<p>L&rsquo;Utilisateur accepte le transfert de ses donn\u00e9es personnelles \u00e0 Aloe Therapy uniquement aux fins susmentionn\u00e9es.<\/p>\n<p>En ce qui concerne les informations fournies par les mineurs, il sera imp\u00e9ratif que l&rsquo;exp\u00e9diteur ait pr\u00e9alablement obtenu le consentement parental, aupr\u00e8s du tuteur ou du repr\u00e9sentant l\u00e9gal afin que les donn\u00e9es personnelles puissent \u00eatre trait\u00e9es. L&rsquo;utilisateur r\u00e9pondra, dans chaque cas, de la v\u00e9racit\u00e9 des donn\u00e9es fournies, Aloe Therapy se r\u00e9servant le droit d&rsquo;exclure des services enregistr\u00e9s tout utilisateur ayant donn\u00e9 de fausses informations, sans pr\u00e9judice d&rsquo;autres poursuites judiciaires.<\/p>\n<p>Il est recommand\u00e9 d&rsquo;avoir une conscience maximale de la protection des donn\u00e9es gr\u00e2ce \u00e0 l&rsquo;utilisation d&rsquo;outils de s\u00e9curit\u00e9. Aloe Therapy d\u00e9cline toute responsabilit\u00e9 en cas de vol, de modification ou de perte de donn\u00e9es ill\u00e9gales.<\/p>\n<p>En acceptant les pr\u00e9sentes Conditions G\u00e9n\u00e9rales, l&rsquo;Utilisateur signifie qu&rsquo;il accepte de recevoir la documentation relative aux services propos\u00e9s par Aloe Therapy.<\/p>\n<p>Enfin, nous vous informons de la possibilit\u00e9 d&rsquo;exercer les droits d&rsquo;acc\u00e8s, de rectification, annulation et opposition par demande \u00e9crite adress\u00e9e \u00e0 l&rsquo;adresse \u00e9lectronique suivante: Info@aloetherapy.shop<\/p>\n<p>L&rsquo;Utilisateur a la possibilit\u00e9 de r\u00e9voquer son consentement accord\u00e9 en relation avec le transfert de ses donn\u00e9es. La r\u00e9vocation doit \u00eatre soumise avec une demande \u00e9crite adress\u00e9e \u00e0 l&#8217;email suivant: Info@aloetherapy.shop<\/p>\n<p>Si l&rsquo;utilisateur annule ou r\u00e9voque son consentement au traitement de ses donn\u00e9es personnelles, Aloe Therapy peut r\u00e9voquer le b\u00e9n\u00e9fice du service dans le cas o\u00f9 les donn\u00e9es \u00e9taient n\u00e9cessaires pour un b\u00e9n\u00e9fice optimal du service.<\/p>\n","protected":false},"excerpt":{"rendered":"<p>Politique de confidentialit\u00e9 Aux fins de la r\u00e9glementation en vigueur sur la protection des donn\u00e9es personnelles, Aloe Therapy informe que les donn\u00e9es personnelles que vous partagez<span class=\"excerpt-hellip\"> [\u2026]<\/span><\/p>\n","protected":false},"author":4,"featured_media":0,"parent":2039,"menu_order":0,"comment_status":"closed","ping_status":"closed","template":"","meta":{"footnotes":""},"_links":{"self":[{"href":"https:\/\/aloetherapy.shop\/fr\/wp-json\/wp\/v2\/pages\/2046"}],"collection":[{"href":"https:\/\/aloetherapy.shop\/fr\/wp-json\/wp\/v2\/pages"}],"about":[{"href":"https:\/\/aloetherapy.shop\/fr\/wp-json\/wp\/v2\/types\/page"}],"author":[{"embeddable":true,"href":"https:\/\/aloetherapy.shop\/fr\/wp-json\/wp\/v2\/users\/4"}],"replies":[{"embeddable":true,"href":"https:\/\/aloetherapy.shop\/fr\/wp-json\/wp\/v2\/comments?post=2046"}],"version-history":[{"count":0,"href":"https:\/\/aloetherapy.shop\/fr\/wp-json\/wp\/v2\/pages\/2046\/revisions"}],"up":[{"embeddable":true,"href":"https:\/\/aloetherapy.shop\/fr\/wp-json\/wp\/v2\/pages\/2039"}],"wp:attachment":[{"href":"https:\/\/aloetherapy.shop\/fr\/wp-json\/wp\/v2\/media?parent=2046"}],"curies":[{"name":"wp","href":"https:\/\/api.w.org\/{rel}","templated":true}]}}