{"id":2045,"date":"2020-09-22T18:24:48","date_gmt":"2020-09-22T18:24:48","guid":{"rendered":"http:\/\/aloetherapy.shop\/attention-au-client\/information-legale\/"},"modified":"2020-09-22T18:24:48","modified_gmt":"2020-09-22T18:24:48","slug":"information-legale","status":"publish","type":"page","link":"https:\/\/aloetherapy.shop\/fr\/attention-au-client\/information-legale\/","title":{"rendered":"Information l\u00e9gale"},"content":{"rendered":"<h2>Information l\u00e9gale<\/h2>\n<p>Informations sur la propri\u00e9t\u00e9 pour ce site Web.<\/p>\n<p>Conform\u00e9ment \u00e0 la loi 34\/2002 du 11 juillet sur les services d&rsquo;information et le commerce \u00e9lectronique, il est signal\u00e9 que la soci\u00e9t\u00e9 Aloe Therapy, l\u00e9galement enregistr\u00e9e en Espagne avec NIF X3164921Y et domicili\u00e9e \u00e0 Los Molinos, Tef\u00eda &#8211; 35611 &#8211; Fuerteventura &#8211; Les \u00eeles Canaries, Espagne, sont le propri\u00e9taire de ce site Web, dont l&rsquo;utilisation est soumise \u00e0 la politique de confidentialit\u00e9 et aux conditions d&rsquo;utilisation d\u00e9crites.<\/p>\n<p>&nbsp;<\/p>\n<h4>Contact<\/h4>\n<p>Vous pouvez nous contacter par les moyens suivants:<\/p>\n<p>T\u00e9l\u00e9phone: (+34) 687 40 30 10 \u2013 Espagne<\/p>\n<p>Email: Info@aloetherapy.shop<\/p>\n<p>&nbsp;<\/p>\n<div><\/div>\n","protected":false},"excerpt":{"rendered":"<p>Information l\u00e9gale Informations sur la propri\u00e9t\u00e9 pour ce site Web. Conform\u00e9ment \u00e0 la loi 34\/2002 du 11 juillet sur les services d&rsquo;information et le commerce \u00e9lectronique,<span class=\"excerpt-hellip\"> [\u2026]<\/span><\/p>\n","protected":false},"author":4,"featured_media":0,"parent":2039,"menu_order":0,"comment_status":"closed","ping_status":"closed","template":"","meta":{"footnotes":""},"_links":{"self":[{"href":"https:\/\/aloetherapy.shop\/fr\/wp-json\/wp\/v2\/pages\/2045"}],"collection":[{"href":"https:\/\/aloetherapy.shop\/fr\/wp-json\/wp\/v2\/pages"}],"about":[{"href":"https:\/\/aloetherapy.shop\/fr\/wp-json\/wp\/v2\/types\/page"}],"author":[{"embeddable":true,"href":"https:\/\/aloetherapy.shop\/fr\/wp-json\/wp\/v2\/users\/4"}],"replies":[{"embeddable":true,"href":"https:\/\/aloetherapy.shop\/fr\/wp-json\/wp\/v2\/comments?post=2045"}],"version-history":[{"count":0,"href":"https:\/\/aloetherapy.shop\/fr\/wp-json\/wp\/v2\/pages\/2045\/revisions"}],"up":[{"embeddable":true,"href":"https:\/\/aloetherapy.shop\/fr\/wp-json\/wp\/v2\/pages\/2039"}],"wp:attachment":[{"href":"https:\/\/aloetherapy.shop\/fr\/wp-json\/wp\/v2\/media?parent=2045"}],"curies":[{"name":"wp","href":"https:\/\/api.w.org\/{rel}","templated":true}]}}