{"id":2044,"date":"2020-09-22T18:22:48","date_gmt":"2020-09-22T18:22:48","guid":{"rendered":"http:\/\/aloetherapy.shop\/attention-au-client\/condition-dutilisation\/"},"modified":"2020-09-22T18:22:48","modified_gmt":"2020-09-22T18:22:48","slug":"condition-dutilisation","status":"publish","type":"page","link":"https:\/\/aloetherapy.shop\/fr\/attention-au-client\/condition-dutilisation\/","title":{"rendered":"Condition d&rsquo;utilisation"},"content":{"rendered":"<h2>Condition d&rsquo;utilisation<\/h2>\n<p>Ce site Web vous est offert \u00e0 vous, l&rsquo;utilisateur, sur la base de votre acceptation des conditions, termes et avis qu&rsquo;il contient. Votre utilisation de ce site Web constitue un accord implicite \u00e0 ces termes, conditions et avis. <strong> Limitation de l&rsquo;utilisation personnelle et non commerciale <\/strong> Ce site Web est destin\u00e9 \u00e0 votre usage personnel et non commercial. Le contenu et les informations de ce site Web (y compris, sans limitation, le prix et la disponibilit\u00e9 des services et produits), ainsi que l&rsquo;infrastructure utilis\u00e9e pour fournir ce contenu et ces informations, sont la propri\u00e9t\u00e9 d&rsquo;Aloe Therapy, ou de ses partenaires et \/ ou Fournisseurs. Ainsi, comme condition d&rsquo;utilisation de ce site Web, vous devez accepter de ne pas utiliser ce site Web ou son contenu ou ses informations \u00e0 des fins commerciales ou non personnelles (directes ou indirectes). Bien que vous puissiez cr\u00e9er des copies limit\u00e9es de vos bons d&rsquo;achat (et des documents connexes) pour le voyage, le produit ou le service que vous avez achet\u00e9 via ce site Web, vous devez accepter de ne pas modifier, copier, distribuer, transmettre, afficher, recr\u00e9er, reproduire, publier, conc\u00e9der sous licence ou cr\u00e9er des \u0153uvres d\u00e9riv\u00e9es, transf\u00e9rer ou vendre ou revendre toute information, logiciel, produit ou service acquis sur ce site Web. De m\u00eame, que ce soit \u00e0 des fins l\u00e9gales ou non, vous acceptez de vous abstenir de: 1. Acc\u00e9der, surveiller ou copier tout contenu ou information sur ce site Web en utilisant un robot, une araign\u00e9e, un grattoir ou tout autre processus automatis\u00e9 ou manuel \u00e0 quelque fin que ce soit sans l&rsquo;autorisation explicite de Aloe Therapy 2. La violation des restrictions dans n&rsquo;importe quel secteur de ce site Web est interdite aux robots, araign\u00e9es, grattoirs ou contournement de toute autre mesure de s\u00e9curit\u00e9 utilis\u00e9e pour emp\u00eacher ou limiter l&rsquo;acc\u00e8s \u00e0 ce site Web. 3. Prendre toute action qui impose, ou est destin\u00e9e \u00e0 imposer, selon le jugement d&rsquo;Aloe Therapy, un fardeau disproportionn\u00e9 ou d\u00e9raisonnablement lourd sur l&rsquo;infrastructure d&rsquo;Aloe Therapy ou l&rsquo;infrastructure de ses sites affili\u00e9s. 4. Faites des \u00abliens profonds\u00bb vers n&rsquo;importe quelle partie de ce site Web (y compris, sans s&rsquo;y limiter, le processus d&rsquo;achat de tout produit ou service) pour quelque raison que ce soit sans l&rsquo;autorisation explicite d&rsquo;Aloe Therapy.<\/p>\n","protected":false},"excerpt":{"rendered":"<p>Condition d&rsquo;utilisation Ce site Web vous est offert \u00e0 vous, l&rsquo;utilisateur, sur la base de votre acceptation des conditions, termes et avis qu&rsquo;il contient. Votre utilisation<span class=\"excerpt-hellip\"> [\u2026]<\/span><\/p>\n","protected":false},"author":4,"featured_media":0,"parent":2039,"menu_order":0,"comment_status":"closed","ping_status":"closed","template":"","meta":{"footnotes":""},"_links":{"self":[{"href":"https:\/\/aloetherapy.shop\/fr\/wp-json\/wp\/v2\/pages\/2044"}],"collection":[{"href":"https:\/\/aloetherapy.shop\/fr\/wp-json\/wp\/v2\/pages"}],"about":[{"href":"https:\/\/aloetherapy.shop\/fr\/wp-json\/wp\/v2\/types\/page"}],"author":[{"embeddable":true,"href":"https:\/\/aloetherapy.shop\/fr\/wp-json\/wp\/v2\/users\/4"}],"replies":[{"embeddable":true,"href":"https:\/\/aloetherapy.shop\/fr\/wp-json\/wp\/v2\/comments?post=2044"}],"version-history":[{"count":0,"href":"https:\/\/aloetherapy.shop\/fr\/wp-json\/wp\/v2\/pages\/2044\/revisions"}],"up":[{"embeddable":true,"href":"https:\/\/aloetherapy.shop\/fr\/wp-json\/wp\/v2\/pages\/2039"}],"wp:attachment":[{"href":"https:\/\/aloetherapy.shop\/fr\/wp-json\/wp\/v2\/media?parent=2044"}],"curies":[{"name":"wp","href":"https:\/\/api.w.org\/{rel}","templated":true}]}}