{"id":1233,"date":"2017-01-20T07:27:51","date_gmt":"2017-01-20T07:27:51","guid":{"rendered":"http:\/\/aloetherapy.shop\/en\/atencion-al-cliente\/politica-de-privacidad\/"},"modified":"2017-01-27T00:54:28","modified_gmt":"2017-01-27T00:54:28","slug":"politica-de-privacidad","status":"publish","type":"page","link":"https:\/\/aloetherapy.shop\/en\/atencion-al-cliente\/politica-de-privacidad\/","title":{"rendered":"Privacy Policy"},"content":{"rendered":"<h2>Pol\u00edtica de Privacidad<\/h2>\n<p>A efectos de la normativa vigente en materia de protecci\u00f3n de datos personales, Aloe Therapy informa que los datos personales que usted comparte con nosotros a trav\u00e9s del uso de nuestra p\u00e1gina web se almacenan en nuestra base de datos de los que el responsable es Aloe Therapy.<\/p>\n<p>El \u00fanico objetivo de este almacenamiento es hacer frente a su solicitud, para lo cual le enviaremos la informaci\u00f3n t\u00e9cnica, operativa y comercial a trav\u00e9s de diferentes medios, tales como mensajes de correo electr\u00f3nico y \/ u otro medio equivalente, sobre productos, servicios, ofertas y novedad que pueden ser de su inter\u00e9s.<\/p>\n<p>En Aloe Therapy estamos comprometidos a proteger la informaci\u00f3n personal que usted comparte con nosotros a trav\u00e9s de Internet y permite mantener de acuerdo a la Ley.<\/p>\n<p>El Usuario acepta la cesi\u00f3n de sus datos personales a Aloe Therapy \u00fanicamente para los fines antes mencionados.<\/p>\n<p>En cuanto a la informaci\u00f3n proporcionada por los menores de edad, ser\u00e1 requisito imprescindible que el remitente haya obtenido previamente el consentimiento paterno, del tutor o representante legal para que los datos personales pueden ser tratados. El usuario responder\u00e1, en cada caso, de la veracidad de los datos facilitados, reserv\u00e1ndose Aloe Therapy el derecho a excluir de los servicios registrados a todo usuario que haya dado datos falsos, sin perjuicio de las dem\u00e1s acciones legales.<\/p>\n<p>Se recomienda tener la conciencia m\u00e1xima de Protecci\u00f3n de Datos a trav\u00e9s del uso de herramientas de seguridad. Aloe Therapy no acepta ninguna responsabilidad por la sustracci\u00f3n, modificaci\u00f3n o p\u00e9rdida de datos il\u00edcitas.<\/p>\n<p>A trav\u00e9s de la aceptaci\u00f3n de las presentes Condiciones Generales, el Usuario significa da su aceptaci\u00f3n para recibir la documentaci\u00f3n relativa a los servicios ofrecidos por Aloe Therapy.<\/p>\n<p>Por \u00faltimo, le informamos de la posibilidad de ejercer los derechos de acceso, rectificaci\u00f3n, cancelaci\u00f3n y oposici\u00f3n mediante petici\u00f3n escrita dirigida a la siguiente direcci\u00f3n electr\u00f3nica: Info@aloetherapy.shop<\/p>\n<p>El Usuario tiene la posibilidad de revocar su consentimiento otorgado en relaci\u00f3n con la cesi\u00f3n de sus \/ sus datos. La revocaci\u00f3n debe ser presentada con una solicitud por escrito dirigida al siguiente correo electr\u00f3nico: Info@aloetherapy.shop<\/p>\n<p>Si el usuario cancelar o revocar su consentimiento para el tratamiento de sus \/ sus datos personales, Aloe Therapy puede revocar el beneficio del servicio en el caso de que los datos eran necesarios para un beneficio \u00f3ptimo del servicio.<\/p>\n","protected":false},"excerpt":{"rendered":"<p>Pol\u00edtica de Privacidad A efectos de la normativa vigente en materia de protecci\u00f3n de datos personales, Aloe Therapy informa que los datos personales que usted comparte<span class=\"excerpt-hellip\"> [\u2026]<\/span><\/p>\n","protected":false},"author":4,"featured_media":0,"parent":1223,"menu_order":0,"comment_status":"closed","ping_status":"closed","template":"","meta":{"footnotes":""},"_links":{"self":[{"href":"https:\/\/aloetherapy.shop\/en\/wp-json\/wp\/v2\/pages\/1233"}],"collection":[{"href":"https:\/\/aloetherapy.shop\/en\/wp-json\/wp\/v2\/pages"}],"about":[{"href":"https:\/\/aloetherapy.shop\/en\/wp-json\/wp\/v2\/types\/page"}],"author":[{"embeddable":true,"href":"https:\/\/aloetherapy.shop\/en\/wp-json\/wp\/v2\/users\/4"}],"replies":[{"embeddable":true,"href":"https:\/\/aloetherapy.shop\/en\/wp-json\/wp\/v2\/comments?post=1233"}],"version-history":[{"count":0,"href":"https:\/\/aloetherapy.shop\/en\/wp-json\/wp\/v2\/pages\/1233\/revisions"}],"up":[{"embeddable":true,"href":"https:\/\/aloetherapy.shop\/en\/wp-json\/wp\/v2\/pages\/1223"}],"wp:attachment":[{"href":"https:\/\/aloetherapy.shop\/en\/wp-json\/wp\/v2\/media?parent=1233"}],"curies":[{"name":"wp","href":"https:\/\/api.w.org\/{rel}","templated":true}]}}