{"id":2002,"date":"2020-09-16T10:37:19","date_gmt":"2020-09-16T10:37:20","guid":{"rendered":"http:\/\/aloetherapy.shop\/?post_type=product&#038;p=2002"},"modified":"2020-09-29T09:48:23","modified_gmt":"2020-09-29T09:48:23","slug":"tagescreme-hidractiva-50ml","status":"publish","type":"product","link":"https:\/\/aloetherapy.shop\/de\/tienda\/tagescreme-hidractiva-50ml\/","title":{"rendered":"Tagescreme Hidractiva 50ml"},"content":{"rendered":"","protected":false},"excerpt":{"rendered":"<p>Die Gesichtscreme HIDRACTIVA bietet vollst\u00e4ndige Hautpflege wie Feuchtigkeit und Schutz. Sie konserviert und stimuliert auf nat\u00fcrliche Weise die Eigenschaften der Selbstregulierung und erlaubt den Zugang des Wassers in die Haut. Sorgt f\u00fcr frischen, strahlenden Teint.<\/p>\n","protected":false},"featured_media":1370,"comment_status":"open","ping_status":"closed","template":"","meta":[],"product_cat":[268,136,182],"product_tag":[274],"_links":{"self":[{"href":"https:\/\/aloetherapy.shop\/de\/wp-json\/wp\/v2\/product\/2002"}],"collection":[{"href":"https:\/\/aloetherapy.shop\/de\/wp-json\/wp\/v2\/product"}],"about":[{"href":"https:\/\/aloetherapy.shop\/de\/wp-json\/wp\/v2\/types\/product"}],"replies":[{"embeddable":true,"href":"https:\/\/aloetherapy.shop\/de\/wp-json\/wp\/v2\/comments?post=2002"}],"wp:featuredmedia":[{"embeddable":true,"href":"https:\/\/aloetherapy.shop\/de\/wp-json\/wp\/v2\/media\/1370"}],"wp:attachment":[{"href":"https:\/\/aloetherapy.shop\/de\/wp-json\/wp\/v2\/media?parent=2002"}],"wp:term":[{"taxonomy":"product_cat","embeddable":true,"href":"https:\/\/aloetherapy.shop\/de\/wp-json\/wp\/v2\/product_cat?post=2002"},{"taxonomy":"product_tag","embeddable":true,"href":"https:\/\/aloetherapy.shop\/de\/wp-json\/wp\/v2\/product_tag?post=2002"}],"curies":[{"name":"wp","href":"https:\/\/api.w.org\/{rel}","templated":true}]}}