{"id":1996,"date":"2020-09-16T10:27:40","date_gmt":"2020-09-16T10:27:40","guid":{"rendered":"http:\/\/aloetherapy.shop\/?post_type=product&#038;p=1996"},"modified":"2020-09-29T09:50:13","modified_gmt":"2020-09-29T09:50:13","slug":"sinergy-aloe-vera-oil-200ml","status":"publish","type":"product","link":"https:\/\/aloetherapy.shop\/de\/tienda\/sinergy-aloe-vera-oil-200ml\/","title":{"rendered":"Sinergy Aloe Vera Oil 200ml"},"content":{"rendered":"","protected":false},"excerpt":{"rendered":"<p>Cremiges Aloevera Gel mit kaltgepresstem BIO Oliven\u00f6l. Enth\u00e4lt reichhaltige N\u00e4hrstoffe, Vitamine , Mineralien und Omega Fetts\u00e4uren. Spendet Feuchtigkeit, sch\u00fctzt und regeneriert. Ideal f\u00fcr GESICHT, K\u00d6RPER UND HAAR.<\/p>\n","protected":false},"featured_media":1994,"comment_status":"open","ping_status":"closed","template":"","meta":[],"product_cat":[268,277,136,135,127,182],"product_tag":[274],"_links":{"self":[{"href":"https:\/\/aloetherapy.shop\/de\/wp-json\/wp\/v2\/product\/1996"}],"collection":[{"href":"https:\/\/aloetherapy.shop\/de\/wp-json\/wp\/v2\/product"}],"about":[{"href":"https:\/\/aloetherapy.shop\/de\/wp-json\/wp\/v2\/types\/product"}],"replies":[{"embeddable":true,"href":"https:\/\/aloetherapy.shop\/de\/wp-json\/wp\/v2\/comments?post=1996"}],"wp:featuredmedia":[{"embeddable":true,"href":"https:\/\/aloetherapy.shop\/de\/wp-json\/wp\/v2\/media\/1994"}],"wp:attachment":[{"href":"https:\/\/aloetherapy.shop\/de\/wp-json\/wp\/v2\/media?parent=1996"}],"wp:term":[{"taxonomy":"product_cat","embeddable":true,"href":"https:\/\/aloetherapy.shop\/de\/wp-json\/wp\/v2\/product_cat?post=1996"},{"taxonomy":"product_tag","embeddable":true,"href":"https:\/\/aloetherapy.shop\/de\/wp-json\/wp\/v2\/product_tag?post=1996"}],"curies":[{"name":"wp","href":"https:\/\/api.w.org\/{rel}","templated":true}]}}