{"id":1522,"date":"2014-06-13T06:00:42","date_gmt":"2014-06-13T06:00:42","guid":{"rendered":"http:\/\/aloetherapy.shop\/tienda\/sensitive-koerpemilch\/"},"modified":"2020-09-29T10:00:52","modified_gmt":"2020-09-29T10:00:52","slug":"sensitive-koerpemilch","status":"publish","type":"product","link":"https:\/\/aloetherapy.shop\/de\/tienda\/sensitive-koerpemilch\/","title":{"rendered":"Sensitive K\u00f6rpemilch"},"content":{"rendered":"","protected":false},"excerpt":{"rendered":"<p>Die K\u00f6rpemilch Sensitive mit Aloe Vera und Argan\u00f6l pflegt und strafft die Haut, und beugt auf nat\u00fcrliche Weise der Austrochnung vor. Zieht rasch in die Haut ein, macht sie samtig weich und hinterl\u00e4sst ein angenehmes Aroma.<\/p>\n","protected":false},"featured_media":1360,"comment_status":"open","ping_status":"closed","template":"","meta":[],"product_cat":[268,284,135,182],"product_tag":[274],"_links":{"self":[{"href":"https:\/\/aloetherapy.shop\/de\/wp-json\/wp\/v2\/product\/1522"}],"collection":[{"href":"https:\/\/aloetherapy.shop\/de\/wp-json\/wp\/v2\/product"}],"about":[{"href":"https:\/\/aloetherapy.shop\/de\/wp-json\/wp\/v2\/types\/product"}],"replies":[{"embeddable":true,"href":"https:\/\/aloetherapy.shop\/de\/wp-json\/wp\/v2\/comments?post=1522"}],"wp:featuredmedia":[{"embeddable":true,"href":"https:\/\/aloetherapy.shop\/de\/wp-json\/wp\/v2\/media\/1360"}],"wp:attachment":[{"href":"https:\/\/aloetherapy.shop\/de\/wp-json\/wp\/v2\/media?parent=1522"}],"wp:term":[{"taxonomy":"product_cat","embeddable":true,"href":"https:\/\/aloetherapy.shop\/de\/wp-json\/wp\/v2\/product_cat?post=1522"},{"taxonomy":"product_tag","embeddable":true,"href":"https:\/\/aloetherapy.shop\/de\/wp-json\/wp\/v2\/product_tag?post=1522"}],"curies":[{"name":"wp","href":"https:\/\/api.w.org\/{rel}","templated":true}]}}