{"id":1520,"date":"2013-09-25T18:50:28","date_gmt":"2013-09-25T18:50:28","guid":{"rendered":"http:\/\/aloetherapy.shop\/tienda\/handcreme\/"},"modified":"2020-09-29T10:00:39","modified_gmt":"2020-09-29T10:00:39","slug":"sensitive-handcreme","status":"publish","type":"product","link":"https:\/\/aloetherapy.shop\/de\/tienda\/sensitive-handcreme\/","title":{"rendered":"Sensitive Handcreme"},"content":{"rendered":"","protected":false},"excerpt":{"rendered":"<p>Sch\u00fctzt die H\u00e4nde vor dem Austrocknen. Spendet Feuchtigkeit, gl\u00e4ttet und regeneriert die Haut, macht sie weich und elastisch. Dringt schnell ein und hinterl\u00e4sst einen angenehmen Duft.<\/p>\n","protected":false},"featured_media":2579,"comment_status":"open","ping_status":"closed","template":"","meta":[],"product_cat":[268,277,135,182,129],"product_tag":[274],"_links":{"self":[{"href":"https:\/\/aloetherapy.shop\/de\/wp-json\/wp\/v2\/product\/1520"}],"collection":[{"href":"https:\/\/aloetherapy.shop\/de\/wp-json\/wp\/v2\/product"}],"about":[{"href":"https:\/\/aloetherapy.shop\/de\/wp-json\/wp\/v2\/types\/product"}],"replies":[{"embeddable":true,"href":"https:\/\/aloetherapy.shop\/de\/wp-json\/wp\/v2\/comments?post=1520"}],"wp:featuredmedia":[{"embeddable":true,"href":"https:\/\/aloetherapy.shop\/de\/wp-json\/wp\/v2\/media\/2579"}],"wp:attachment":[{"href":"https:\/\/aloetherapy.shop\/de\/wp-json\/wp\/v2\/media?parent=1520"}],"wp:term":[{"taxonomy":"product_cat","embeddable":true,"href":"https:\/\/aloetherapy.shop\/de\/wp-json\/wp\/v2\/product_cat?post=1520"},{"taxonomy":"product_tag","embeddable":true,"href":"https:\/\/aloetherapy.shop\/de\/wp-json\/wp\/v2\/product_tag?post=1520"}],"curies":[{"name":"wp","href":"https:\/\/api.w.org\/{rel}","templated":true}]}}