{"id":1506,"date":"2013-11-28T01:08:06","date_gmt":"2013-11-28T01:08:06","guid":{"rendered":"http:\/\/aloetherapy.shop\/tienda\/creme-mit-aloe-und-koenigskobragift\/"},"modified":"2020-09-22T19:23:06","modified_gmt":"2020-09-22T19:23:06","slug":"creme-mit-aloe-und-koenigskobragift","status":"publish","type":"product","link":"https:\/\/aloetherapy.shop\/de\/tienda\/creme-mit-aloe-und-koenigskobragift\/","title":{"rendered":"Cr\u00e8me Mit Aloe Und K\u00f6nigskobraGift"},"content":{"rendered":"","protected":false},"excerpt":{"rendered":"<p>Eine Emulsion,die sehr reich an Aloe Vera, sowie an eine Zusammensetzung von Oligopeptiden und Spurenelementen, die dem K\u00f6nigskobra-Gift \u00e4hnlich sind. Ihre Wirkung reduziert deutlich die Falten und strafft sch\u00f6nend die Haut.<br \/>\nAnwendung: Morgens auf die reine Haut des Gesichts, Hals und Dekolletees auftragen und einmassieren bis vollst\u00e4ndig absorbiert ist.<\/p>\n","protected":false},"featured_media":1394,"comment_status":"open","ping_status":"closed","template":"","meta":[],"product_cat":[178,136,182],"product_tag":[],"_links":{"self":[{"href":"https:\/\/aloetherapy.shop\/de\/wp-json\/wp\/v2\/product\/1506"}],"collection":[{"href":"https:\/\/aloetherapy.shop\/de\/wp-json\/wp\/v2\/product"}],"about":[{"href":"https:\/\/aloetherapy.shop\/de\/wp-json\/wp\/v2\/types\/product"}],"replies":[{"embeddable":true,"href":"https:\/\/aloetherapy.shop\/de\/wp-json\/wp\/v2\/comments?post=1506"}],"wp:featuredmedia":[{"embeddable":true,"href":"https:\/\/aloetherapy.shop\/de\/wp-json\/wp\/v2\/media\/1394"}],"wp:attachment":[{"href":"https:\/\/aloetherapy.shop\/de\/wp-json\/wp\/v2\/media?parent=1506"}],"wp:term":[{"taxonomy":"product_cat","embeddable":true,"href":"https:\/\/aloetherapy.shop\/de\/wp-json\/wp\/v2\/product_cat?post=1506"},{"taxonomy":"product_tag","embeddable":true,"href":"https:\/\/aloetherapy.shop\/de\/wp-json\/wp\/v2\/product_tag?post=1506"}],"curies":[{"name":"wp","href":"https:\/\/api.w.org\/{rel}","templated":true}]}}