{"id":1499,"date":"2013-11-28T01:35:19","date_gmt":"2013-11-28T01:35:19","guid":{"rendered":"http:\/\/aloetherapy.shop\/tienda\/aloe-vera-pflanze\/"},"modified":"2020-09-22T19:22:26","modified_gmt":"2020-09-22T19:22:26","slug":"aloe-vera-pflanze","status":"publish","type":"product","link":"https:\/\/aloetherapy.shop\/de\/tienda\/aloe-vera-pflanze\/","title":{"rendered":"Aloe Vera Pflanze"},"content":{"rendered":"","protected":false},"excerpt":{"rendered":"<p>In Aloe Therapy wollen wir auch aller Kunden, die mit dem Anbau von Aloe Verabeginnen m\u00f6chten, Verleger von unseren Fuerteventura Anlagen anbieten.<br \/>\nAloe Vera Pflanzen sind sehr stark und aushaltend, was den K\u00e4ufern erm\u00f6glicht, auch gr\u00f6\u00dfere Mengen problemlos zu transportieren. Auch wenn ein paar Bl\u00e4tter verletzt oder verloren gehen sollten, werden sich die Pflanze n\u00e4mlich in der neue Anlage von selbst schnell regenerieren. Es ist ausserdem angemessen, die Pflanzen eine Zeit an die Luft ruhen zu lassen, bevor man sie umsetzt.<\/p>\n","protected":false},"featured_media":1386,"comment_status":"open","ping_status":"closed","template":"","meta":[],"product_cat":[133],"product_tag":[],"_links":{"self":[{"href":"https:\/\/aloetherapy.shop\/de\/wp-json\/wp\/v2\/product\/1499"}],"collection":[{"href":"https:\/\/aloetherapy.shop\/de\/wp-json\/wp\/v2\/product"}],"about":[{"href":"https:\/\/aloetherapy.shop\/de\/wp-json\/wp\/v2\/types\/product"}],"replies":[{"embeddable":true,"href":"https:\/\/aloetherapy.shop\/de\/wp-json\/wp\/v2\/comments?post=1499"}],"wp:featuredmedia":[{"embeddable":true,"href":"https:\/\/aloetherapy.shop\/de\/wp-json\/wp\/v2\/media\/1386"}],"wp:attachment":[{"href":"https:\/\/aloetherapy.shop\/de\/wp-json\/wp\/v2\/media?parent=1499"}],"wp:term":[{"taxonomy":"product_cat","embeddable":true,"href":"https:\/\/aloetherapy.shop\/de\/wp-json\/wp\/v2\/product_cat?post=1499"},{"taxonomy":"product_tag","embeddable":true,"href":"https:\/\/aloetherapy.shop\/de\/wp-json\/wp\/v2\/product_tag?post=1499"}],"curies":[{"name":"wp","href":"https:\/\/api.w.org\/{rel}","templated":true}]}}