{"id":1495,"date":"2013-11-28T01:41:44","date_gmt":"2013-11-28T01:41:44","guid":{"rendered":"http:\/\/aloetherapy.shop\/tienda\/zahnpaste\/"},"modified":"2020-09-22T19:21:38","modified_gmt":"2020-09-22T19:21:38","slug":"zahnpaste","status":"publish","type":"product","link":"https:\/\/aloetherapy.shop\/de\/tienda\/zahnpaste\/","title":{"rendered":"Zahnpaste"},"content":{"rendered":"","protected":false},"excerpt":{"rendered":"<p>Aloe Vera Zahnpaste, schutz das Zahnfleisch in der t\u00e4gliche Behandlung von geh\u00e4rteten Schichten von Zahnbelag; verhindert Entz\u00fcndungen und Blutungen.<\/p>\n","protected":false},"featured_media":1976,"comment_status":"open","ping_status":"closed","template":"","meta":[],"product_cat":[129],"product_tag":[],"_links":{"self":[{"href":"https:\/\/aloetherapy.shop\/de\/wp-json\/wp\/v2\/product\/1495"}],"collection":[{"href":"https:\/\/aloetherapy.shop\/de\/wp-json\/wp\/v2\/product"}],"about":[{"href":"https:\/\/aloetherapy.shop\/de\/wp-json\/wp\/v2\/types\/product"}],"replies":[{"embeddable":true,"href":"https:\/\/aloetherapy.shop\/de\/wp-json\/wp\/v2\/comments?post=1495"}],"wp:featuredmedia":[{"embeddable":true,"href":"https:\/\/aloetherapy.shop\/de\/wp-json\/wp\/v2\/media\/1976"}],"wp:attachment":[{"href":"https:\/\/aloetherapy.shop\/de\/wp-json\/wp\/v2\/media?parent=1495"}],"wp:term":[{"taxonomy":"product_cat","embeddable":true,"href":"https:\/\/aloetherapy.shop\/de\/wp-json\/wp\/v2\/product_cat?post=1495"},{"taxonomy":"product_tag","embeddable":true,"href":"https:\/\/aloetherapy.shop\/de\/wp-json\/wp\/v2\/product_tag?post=1495"}],"curies":[{"name":"wp","href":"https:\/\/api.w.org\/{rel}","templated":true}]}}