{"id":1489,"date":"2014-06-13T08:00:19","date_gmt":"2014-06-13T08:00:19","guid":{"rendered":"http:\/\/aloetherapy.shop\/tienda\/aloe-vera-gel-integral-100-ml-2\/"},"modified":"2020-09-29T09:57:33","modified_gmt":"2020-09-29T09:57:33","slug":"aloe-vera-integral-gel-100-ml","status":"publish","type":"product","link":"https:\/\/aloetherapy.shop\/de\/tienda\/aloe-vera-integral-gel-100-ml\/","title":{"rendered":"Aloe Vera Integral Gel 100 ml"},"content":{"rendered":"","protected":false},"excerpt":{"rendered":"<p>Das Aloetherapy Integral Gel wird aus frischen, kaltgepressten Aloe Vera Bl\u00e4ttern hergestellt. Wir verwenden ausschliesslich Pflanzen aus \u00f6kologischen Anbau der Kanarischen Inseln, die Eigenschaften und Qualit\u00e4t garantieren.<\/p>\n","protected":false},"featured_media":1354,"comment_status":"open","ping_status":"closed","template":"","meta":[],"product_cat":[268,284,127],"product_tag":[274],"_links":{"self":[{"href":"https:\/\/aloetherapy.shop\/de\/wp-json\/wp\/v2\/product\/1489"}],"collection":[{"href":"https:\/\/aloetherapy.shop\/de\/wp-json\/wp\/v2\/product"}],"about":[{"href":"https:\/\/aloetherapy.shop\/de\/wp-json\/wp\/v2\/types\/product"}],"replies":[{"embeddable":true,"href":"https:\/\/aloetherapy.shop\/de\/wp-json\/wp\/v2\/comments?post=1489"}],"wp:featuredmedia":[{"embeddable":true,"href":"https:\/\/aloetherapy.shop\/de\/wp-json\/wp\/v2\/media\/1354"}],"wp:attachment":[{"href":"https:\/\/aloetherapy.shop\/de\/wp-json\/wp\/v2\/media?parent=1489"}],"wp:term":[{"taxonomy":"product_cat","embeddable":true,"href":"https:\/\/aloetherapy.shop\/de\/wp-json\/wp\/v2\/product_cat?post=1489"},{"taxonomy":"product_tag","embeddable":true,"href":"https:\/\/aloetherapy.shop\/de\/wp-json\/wp\/v2\/product_tag?post=1489"}],"curies":[{"name":"wp","href":"https:\/\/api.w.org\/{rel}","templated":true}]}}