{"id":1468,"date":"2017-01-26T02:36:37","date_gmt":"2017-01-26T02:36:37","guid":{"rendered":"http:\/\/aloetherapy.shop\/tienda\/aloe-vera-mosqueta-seife\/"},"modified":"2020-09-29T09:53:31","modified_gmt":"2020-09-29T09:53:31","slug":"jabon-aloe-oliva-lavanda-90grjabon-aloe-vera-mosqueta","status":"publish","type":"product","link":"https:\/\/aloetherapy.shop\/de\/tienda\/jabon-aloe-oliva-lavanda-90grjabon-aloe-vera-mosqueta\/","title":{"rendered":"Jab\u00f3n Aloe Oliva Lavanda 90gr"},"content":{"rendered":"","protected":false},"excerpt":{"rendered":"<p>Nat\u00fcrliche Seife aus Oliven\u00f6l, Aloe Vera, Ziegenmilch und Lavendel.<br \/>\nReinigt und hydratisiert und bewahrt gleichzeitig das nat\u00fcrliche Gleichgewicht der Haut.<\/p>\n","protected":false},"featured_media":2007,"comment_status":"open","ping_status":"closed","template":"","meta":[],"product_cat":[268,277,129],"product_tag":[274],"_links":{"self":[{"href":"https:\/\/aloetherapy.shop\/de\/wp-json\/wp\/v2\/product\/1468"}],"collection":[{"href":"https:\/\/aloetherapy.shop\/de\/wp-json\/wp\/v2\/product"}],"about":[{"href":"https:\/\/aloetherapy.shop\/de\/wp-json\/wp\/v2\/types\/product"}],"replies":[{"embeddable":true,"href":"https:\/\/aloetherapy.shop\/de\/wp-json\/wp\/v2\/comments?post=1468"}],"wp:featuredmedia":[{"embeddable":true,"href":"https:\/\/aloetherapy.shop\/de\/wp-json\/wp\/v2\/media\/2007"}],"wp:attachment":[{"href":"https:\/\/aloetherapy.shop\/de\/wp-json\/wp\/v2\/media?parent=1468"}],"wp:term":[{"taxonomy":"product_cat","embeddable":true,"href":"https:\/\/aloetherapy.shop\/de\/wp-json\/wp\/v2\/product_cat?post=1468"},{"taxonomy":"product_tag","embeddable":true,"href":"https:\/\/aloetherapy.shop\/de\/wp-json\/wp\/v2\/product_tag?post=1468"}],"curies":[{"name":"wp","href":"https:\/\/api.w.org\/{rel}","templated":true}]}}